{"id":1167,"date":"2022-03-05T00:03:15","date_gmt":"2022-03-04T23:03:15","guid":{"rendered":"https:\/\/igp-youngstars.de\/?page_id=1167"},"modified":"2025-02-28T22:24:59","modified_gmt":"2025-02-28T21:24:59","slug":"impressum","status":"publish","type":"page","link":"https:\/\/igp-youngstars.de\/en\/impressum\/","title":{"rendered":"Imprint"},"content":{"rendered":"<div data-elementor-type=\"wp-page\" data-elementor-id=\"1167\" class=\"elementor elementor-1167\" data-elementor-post-type=\"page\">\n\t\t\t\t\t\t<section class=\"elementor-section elementor-top-section elementor-element elementor-element-14b30333 elementor-section-height-min-height elementor-section-boxed elementor-section-height-default elementor-section-items-middle elementor-invisible\" data-id=\"14b30333\" data-element_type=\"section\" data-settings=\"{&quot;animation&quot;:&quot;fadeIn&quot;}\">\n\t\t\t\t\t\t\t<div class=\"elementor-background-overlay\"><\/div>\n\t\t\t\t\t\t\t<div class=\"elementor-container elementor-column-gap-default\">\n\t\t\t\t\t<div class=\"elementor-column elementor-col-100 elementor-top-column elementor-element elementor-element-e990f82\" data-id=\"e990f82\" data-element_type=\"column\">\n\t\t\t<div class=\"elementor-widget-wrap elementor-element-populated\">\n\t\t\t\t\t\t<section class=\"elementor-section elementor-inner-section elementor-element elementor-element-2be1269f elementor-section-content-middle elementor-section-boxed elementor-section-height-default elementor-section-height-default\" data-id=\"2be1269f\" data-element_type=\"section\">\n\t\t\t\t\t\t<div class=\"elementor-container elementor-column-gap-default\">\n\t\t\t\t\t<div class=\"elementor-column elementor-col-33 elementor-inner-column elementor-element elementor-element-3ea9afe2\" data-id=\"3ea9afe2\" data-element_type=\"column\">\n\t\t\t<div class=\"elementor-widget-wrap elementor-element-populated\">\n\t\t\t\t\t\t<div class=\"elementor-element elementor-element-496aa85d animated-slow elementor-view-default elementor-invisible elementor-widget elementor-widget-icon\" data-id=\"496aa85d\" data-element_type=\"widget\" data-settings=\"{&quot;_animation&quot;:&quot;fadeInLeft&quot;}\" data-widget_type=\"icon.default\">\n\t\t\t\t<div class=\"elementor-widget-container\">\n\t\t\t\t\t\t\t<div class=\"elementor-icon-wrapper\">\n\t\t\t<div class=\"elementor-icon\">\n\t\t\t<i aria-hidden=\"true\" class=\"fas fa-star\"><\/i>\t\t\t<\/div>\n\t\t<\/div>\n\t\t\t\t\t\t<\/div>\n\t\t\t\t<\/div>\n\t\t\t\t<div class=\"elementor-element elementor-element-267cd41b elementor-view-default elementor-invisible elementor-widget elementor-widget-icon\" data-id=\"267cd41b\" data-element_type=\"widget\" data-settings=\"{&quot;_animation&quot;:&quot;fadeInLeft&quot;}\" data-widget_type=\"icon.default\">\n\t\t\t\t<div class=\"elementor-widget-container\">\n\t\t\t\t\t\t\t<div class=\"elementor-icon-wrapper\">\n\t\t\t<div class=\"elementor-icon\">\n\t\t\t<i aria-hidden=\"true\" class=\"fas fa-star\"><\/i>\t\t\t<\/div>\n\t\t<\/div>\n\t\t\t\t\t\t<\/div>\n\t\t\t\t<\/div>\n\t\t\t\t\t<\/div>\n\t\t<\/div>\n\t\t\t\t<div class=\"elementor-column elementor-col-33 elementor-inner-column elementor-element elementor-element-3a0377bd\" data-id=\"3a0377bd\" data-element_type=\"column\">\n\t\t\t<div class=\"elementor-widget-wrap elementor-element-populated\">\n\t\t\t\t\t\t<div class=\"elementor-element elementor-element-129b590c elementor-invisible elementor-widget elementor-widget-heading\" data-id=\"129b590c\" data-element_type=\"widget\" data-settings=\"{&quot;_animation&quot;:&quot;fadeInDown&quot;}\" data-widget_type=\"heading.default\">\n\t\t\t\t<div class=\"elementor-widget-container\">\n\t\t\t\t\t<h4 class=\"elementor-heading-title elementor-size-xxl\">Imprint<\/h4>\t\t\t\t<\/div>\n\t\t\t\t<\/div>\n\t\t\t\t\t<\/div>\n\t\t<\/div>\n\t\t\t\t<div class=\"elementor-column elementor-col-33 elementor-inner-column elementor-element elementor-element-2181f8f2\" data-id=\"2181f8f2\" data-element_type=\"column\">\n\t\t\t<div class=\"elementor-widget-wrap elementor-element-populated\">\n\t\t\t\t\t\t<div class=\"elementor-element elementor-element-2c9d3a59 animated-slow elementor-view-default elementor-invisible elementor-widget elementor-widget-icon\" data-id=\"2c9d3a59\" data-element_type=\"widget\" data-settings=\"{&quot;_animation&quot;:&quot;fadeInRight&quot;}\" data-widget_type=\"icon.default\">\n\t\t\t\t<div class=\"elementor-widget-container\">\n\t\t\t\t\t\t\t<div class=\"elementor-icon-wrapper\">\n\t\t\t<div class=\"elementor-icon\">\n\t\t\t<i aria-hidden=\"true\" class=\"fas fa-star\"><\/i>\t\t\t<\/div>\n\t\t<\/div>\n\t\t\t\t\t\t<\/div>\n\t\t\t\t<\/div>\n\t\t\t\t<div class=\"elementor-element elementor-element-596857ef elementor-view-default elementor-invisible elementor-widget elementor-widget-icon\" data-id=\"596857ef\" data-element_type=\"widget\" data-settings=\"{&quot;_animation&quot;:&quot;fadeInLeft&quot;}\" data-widget_type=\"icon.default\">\n\t\t\t\t<div class=\"elementor-widget-container\">\n\t\t\t\t\t\t\t<div class=\"elementor-icon-wrapper\">\n\t\t\t<div class=\"elementor-icon\">\n\t\t\t<i aria-hidden=\"true\" class=\"fas fa-star\"><\/i>\t\t\t<\/div>\n\t\t<\/div>\n\t\t\t\t\t\t<\/div>\n\t\t\t\t<\/div>\n\t\t\t\t\t<\/div>\n\t\t<\/div>\n\t\t\t\t\t<\/div>\n\t\t<\/section>\n\t\t\t\t<div class=\"elementor-element elementor-element-446d4ac2 animated-slow elementor-view-default elementor-invisible elementor-widget elementor-widget-icon\" data-id=\"446d4ac2\" data-element_type=\"widget\" data-settings=\"{&quot;_animation&quot;:&quot;fadeInUp&quot;}\" data-widget_type=\"icon.default\">\n\t\t\t\t<div class=\"elementor-widget-container\">\n\t\t\t\t\t\t\t<div class=\"elementor-icon-wrapper\">\n\t\t\t<a class=\"elementor-icon elementor-animation-grow\" href=\"#anchor\">\n\t\t\t<i aria-hidden=\"true\" class=\"fas fa-angle-down\"><\/i>\t\t\t<\/a>\n\t\t<\/div>\n\t\t\t\t\t\t<\/div>\n\t\t\t\t<\/div>\n\t\t\t\t\t<\/div>\n\t\t<\/div>\n\t\t\t\t\t<\/div>\n\t\t<\/section>\n\t\t\t\t<section class=\"elementor-section elementor-top-section elementor-element elementor-element-25fc15bd elementor-section-boxed elementor-section-height-default elementor-section-height-default\" data-id=\"25fc15bd\" data-element_type=\"section\" data-settings=\"{&quot;background_background&quot;:&quot;classic&quot;}\">\n\t\t\t\t\t\t\t<div class=\"elementor-background-overlay\"><\/div>\n\t\t\t\t\t\t\t<div class=\"elementor-container elementor-column-gap-extended\">\n\t\t\t\t\t<div class=\"elementor-column elementor-col-100 elementor-top-column elementor-element elementor-element-78eac378\" data-id=\"78eac378\" data-element_type=\"column\" data-settings=\"{&quot;background_background&quot;:&quot;classic&quot;}\">\n\t\t\t<div class=\"elementor-widget-wrap elementor-element-populated\">\n\t\t\t\t\t\t<div class=\"elementor-element elementor-element-6818226 elementor-widget elementor-widget-text-editor\" data-id=\"6818226\" data-element_type=\"widget\" data-widget_type=\"text-editor.default\">\n\t\t\t\t<div class=\"elementor-widget-container\">\n\t\t\t\t\t\t\t\t\t<h1 class=\"custom-page--tab-headline\"><span style=\"color: #b10000;\">Imprint<\/span><\/h1><h2><span style=\"color: #b10000;\">Information according to Section 5 of the Telemedia Act (TMG):<\/span><\/h2><p class=\"translation-block\">Provider of the website <a href=\"https:\/\/k9-and-sports.com\" target=\"_self\">https:\/\/k9-and-sports.com\/<\/a>:<\/p><p>K9-and-Sports e.V.<\/p><p>Ludwig-Martini-Str. 9<br \/>86343 K\u00f6nigsbrunn<\/p><p>Phone: 08443 9191191<\/p><p>E-Mail: <a href=\"mailto:mail@k9-and-sports.com\">mail@k9-and-sports.com<\/a><\/p><h2><span style=\"color: #b10000;\">More information<\/span><\/h2><h3><span style=\"color: #b10000;\">Person responsible for editorial content<\/span><\/h3><p class=\"translation-block\">Responsible for the editorial content of the website http:\/\/<a target=\"_self\">k9-and-sports.com<\/a>\u00a0and the editorial content accessible via this website in the social networks \"Facebook\" (<a href=\"https:\/\/www.facebook.com\/\" rel=\"nofollow noopener\" target=\"_self\">https:\/\/www.facebook.com<\/a>) and \"Instagram\" (<a href=\"https:\/\/www.instagram.com\/\" rel=\"nofollow noopener\" target=\"_self\">https:\/\/www.instagram.com\/<\/a>) is<\/p><p>K9-and-Sports e.V.<\/p><p>Ludwig-Martini-Str. 9<br \/>86343 K\u00f6nigsbrunn<\/p><p>Phone: 08443 9191191<\/p><p>E-Mail: <a href=\"mailto: mail@k9-and-sports.com\">mail@k9-and-sports.com<\/a><\/p><h3><span style=\"color: #b10000;\">Liability for Content<\/span><\/h3><p class=\"translation-block\">We are responsible for the content of our website in accordance with the provisions of general law, in particular Section 7, Paragraph 1 of the Telemedia Act (TMG). All content is created with the necessary care and to the best of our knowledge. Insofar as we refer to third-party websites on our website via hyperlinks, we cannot guarantee that the linked content is always up-to-date, correct and complete, as this content lies outside our area of \u200b\u200bresponsibility and we have no influence on its future design. If you believe that any content violates applicable law or is inappropriate, please let us know.<\/p><p>Die rechtlichen Hinweise auf dieser Seite sowie alle Fragen und Streitigkeiten im Zusammenhang mit der Gestaltung dieser\u00a0Internetseite unterliegen dem Recht der Bundesrepublik Deutschland<\/p><h3><span style=\"color: #b10000;\">Data Policy<\/span><\/h3><p class=\"translation-block\">You can find our data protection information at <a href=\"https:\/\/igp-youngstars.de\/en\/datenschutz\/\" target=\"_self\">Data protection<\/a><\/p><h3><span style=\"color: #b10000;\">Copyright<\/span><\/h3><p>The texts, images, photos, videos or graphics on our website are generally protected by copyright. Any unauthorized use (in particular the reproduction, processing or distribution) of this copyrighted content is therefore prohibited. If you intend to use this content or parts thereof, please contact us in advance using the details above. If we are not the owner of the required copyright usage rights ourselves, we will endeavor to put you in touch with the authorized party.<\/p><h3><span style=\"color: #b10000;\">online dispute resolution<\/span><\/h3><p class=\"translation-block\">The European Commission provides a platform for online dispute resolution (according to Art. 14 Para. 1 of Regulation (EU) No. 524\/2013 on online dispute resolution in consumer matters (\"ODR Regulation\")) at <a href=\"http:\/\/ec.europa.eu\/consumers\/odr\/\" rel=\"nofollow noopener\" target=\"_self\">http:\/\/ec.europa.eu\/consumers\/odr\/<\/a>.<\/p><p>We are neither obliged nor willing to participate in a dispute resolution procedure before a consumer arbitration board.<\/p><h3><span style=\"color: #b10000;\">Social Media-Profiles<\/span><\/h3><p>This imprint also applies to the following social media profiles:<\/p><p>\u2013\u00a0\u00a0\u00a0\u00a0\u00a0\u00a0\u00a0\u00a0\u00a0 Facebook\u201c(<a href=\"https:\/\/www.facebook.com\/\" rel=\"nofollow noopener\">https:\/\/www.facebook.com<\/a>): K9-and-Sports<a href=\"https:\/\/www.facebook.com\/k9andsports\" rel=\"nofollow noopener\"> | Facebook<\/a>;<\/p><p>\u2013\u00a0\u00a0\u00a0\u00a0\u00a0\u00a0\u00a0\u00a0\u00a0 \u201eInstagram\u201c (<a href=\"https:\/\/www.instagram.com\/\" rel=\"nofollow noopener\">https:\/\/www.instagram.com\/<\/a>): <a href=\"https:\/\/www.instagram.com\/k9andsports\/\" rel=\"nofollow noopener\">Stories \u2022 Instagram<\/a><\/p><h3><span style=\"color: #b10000;\">Applicable Law<\/span><\/h3><p class=\"translation-block\">The legal notices on this page as well as all questions and disputes in connection with this website and the pages accessible via this website in the social networks (\"Facebook\" (<a href=\"https:\/\/www.facebook.com\" rel=\"nofollow noopener\" target=\"_self\">https:\/\/www.facebook.com<\/a> ) and \"Instagram\" (<a href=\"https:\/\/www.instagram.com\/\" rel=\"nofollow noopener\" target=\"_self\">https:\/\/www.instagram.com\/<\/a> ) are subject to the laws of the Federal Republic of Germany.<\/p>\t\t\t\t\t\t\t\t<\/div>\n\t\t\t\t<\/div>\n\t\t\t\t\t<\/div>\n\t\t<\/div>\n\t\t\t\t\t<\/div>\n\t\t<\/section>\n\t\t\t\t<\/div>","protected":false},"excerpt":{"rendered":"<p>Impressum Impressum Angaben gem\u00e4\u00df \u00a7 5 des Telemediengesetzes (TMG): Anbieter der Website https:\/\/k9-and-sports.com\/: K9-and-Sports e.V. Ludwig-Martini-Str. 986343 K\u00f6nigsbrunn Telefon: 08443 9191191 E-Mail: mail@k9-and-sports.com Weitere Angaben Verantwortliche Person f\u00fcr redaktionelle Inhalte Verantwortlich f\u00fcr die redaktionellen Inhalte der Website http:\/\/k9-and-sports.com\u00a0und der \u00fcber diese Website aufrufbaren redaktionellen Inhalte in den sozialen Netzwerken \u201eFacebook\u201c(https:\/\/www.facebook.com) und \u201eInstagram\u201c (https:\/\/www.instagram.com\/) ist K9-and-Sports [&hellip;]<\/p>","protected":false},"author":1,"featured_media":0,"parent":0,"menu_order":0,"comment_status":"closed","ping_status":"closed","template":"elementor_header_footer","meta":{"_acf_changed":false,"site-sidebar-layout":"no-sidebar","site-content-layout":"page-builder","ast-site-content-layout":"","site-content-style":"default","site-sidebar-style":"default","ast-global-header-display":"","ast-banner-title-visibility":"","ast-main-header-display":"","ast-hfb-above-header-display":"","ast-hfb-below-header-display":"","ast-hfb-mobile-header-display":"","site-post-title":"disabled","ast-breadcrumbs-content":"","ast-featured-img":"disabled","footer-sml-layout":"","theme-transparent-header-meta":"","adv-header-id-meta":"","stick-header-meta":"","header-above-stick-meta":"","header-main-stick-meta":"","header-below-stick-meta":"","astra-migrate-meta-layouts":"default","ast-page-background-enabled":"default","ast-page-background-meta":{"desktop":{"background-color":"var(--ast-global-color-4)","background-image":"","background-repeat":"repeat","background-position":"center center","background-size":"auto","background-attachment":"scroll","background-type":"","background-media":"","overlay-type":"","overlay-color":"","overlay-opacity":"","overlay-gradient":""},"tablet":{"background-color":"","background-image":"","background-repeat":"repeat","background-position":"center center","background-size":"auto","background-attachment":"scroll","background-type":"","background-media":"","overlay-type":"","overlay-color":"","overlay-opacity":"","overlay-gradient":""},"mobile":{"background-color":"","background-image":"","background-repeat":"repeat","background-position":"center center","background-size":"auto","background-attachment":"scroll","background-type":"","background-media":"","overlay-type":"","overlay-color":"","overlay-opacity":"","overlay-gradient":""}},"ast-content-background-meta":{"desktop":{"background-color":"var(--ast-global-color-5)","background-image":"","background-repeat":"repeat","background-position":"center center","background-size":"auto","background-attachment":"scroll","background-type":"","background-media":"","overlay-type":"","overlay-color":"","overlay-opacity":"","overlay-gradient":""},"tablet":{"background-color":"var(--ast-global-color-5)","background-image":"","background-repeat":"repeat","background-position":"center center","background-size":"auto","background-attachment":"scroll","background-type":"","background-media":"","overlay-type":"","overlay-color":"","overlay-opacity":"","overlay-gradient":""},"mobile":{"background-color":"var(--ast-global-color-5)","background-image":"","background-repeat":"repeat","background-position":"center center","background-size":"auto","background-attachment":"scroll","background-type":"","background-media":"","overlay-type":"","overlay-color":"","overlay-opacity":"","overlay-gradient":""}},"footnotes":""},"class_list":["post-1167","page","type-page","status-publish","hentry"],"acf":[],"yoast_head":"<!-- This site is optimized with the Yoast SEO plugin v24.3 - https:\/\/yoast.com\/wordpress\/plugins\/seo\/ -->\n<title>Impressum - IGP Youngstars Camp<\/title>\n<meta name=\"description\" content=\"Das IGP Youngstars Camp f\u00fcr alle bis 25 Jahren. Die besten Ausbilder, unterschiedliche Rassen, Info-St\u00e4nde und noch vieles mehr erwartet Euch!\" \/>\n<meta name=\"robots\" content=\"index, follow, max-snippet:-1, max-image-preview:large, max-video-preview:-1\" \/>\n<link rel=\"canonical\" href=\"https:\/\/igp-youngstars.de\/en\/impressum\/\" \/>\n<meta property=\"og:locale\" content=\"en_US\" \/>\n<meta property=\"og:type\" content=\"article\" \/>\n<meta property=\"og:title\" content=\"Impressum - IGP Youngstars Camp\" \/>\n<meta property=\"og:description\" content=\"Das IGP Youngstars Camp f\u00fcr alle bis 25 Jahren. Die besten Ausbilder, unterschiedliche Rassen, Info-St\u00e4nde und noch vieles mehr erwartet Euch!\" \/>\n<meta property=\"og:url\" content=\"https:\/\/igp-youngstars.de\/en\/impressum\/\" \/>\n<meta property=\"og:site_name\" content=\"IGP Youngstars Camp\" \/>\n<meta property=\"article:publisher\" content=\"https:\/\/www.facebook.com\/IQDogsport\/\" \/>\n<meta property=\"article:modified_time\" content=\"2025-02-28T21:24:59+00:00\" \/>\n<meta property=\"og:image\" content=\"https:\/\/igp-youngstars.de\/wp-content\/uploads\/2022\/03\/IGP-Youngstars-logo-farbig-wr.jpg\" \/>\n\t<meta property=\"og:image:width\" content=\"500\" \/>\n\t<meta property=\"og:image:height\" content=\"400\" \/>\n\t<meta property=\"og:image:type\" content=\"image\/jpeg\" \/>\n<meta name=\"twitter:card\" content=\"summary_large_image\" \/>\n<meta name=\"twitter:label1\" content=\"Est. reading time\" \/>\n\t<meta name=\"twitter:data1\" content=\"3 minutes\" \/>\n<script type=\"application\/ld+json\" class=\"yoast-schema-graph\">{\"@context\":\"https:\/\/schema.org\",\"@graph\":[{\"@type\":\"WebPage\",\"@id\":\"https:\/\/igp-youngstars.de\/impressum\/\",\"url\":\"https:\/\/igp-youngstars.de\/impressum\/\",\"name\":\"Impressum - IGP Youngstars Camp\",\"isPartOf\":{\"@id\":\"https:\/\/igp-youngstars.de\/#website\"},\"datePublished\":\"2022-03-04T23:03:15+00:00\",\"dateModified\":\"2025-02-28T21:24:59+00:00\",\"description\":\"Das IGP Youngstars Camp f\u00fcr alle bis 25 Jahren. Die besten Ausbilder, unterschiedliche Rassen, Info-St\u00e4nde und noch vieles mehr erwartet Euch!\",\"breadcrumb\":{\"@id\":\"https:\/\/igp-youngstars.de\/impressum\/#breadcrumb\"},\"inLanguage\":\"en-US\",\"potentialAction\":[{\"@type\":\"ReadAction\",\"target\":[\"https:\/\/igp-youngstars.de\/impressum\/\"]}]},{\"@type\":\"BreadcrumbList\",\"@id\":\"https:\/\/igp-youngstars.de\/impressum\/#breadcrumb\",\"itemListElement\":[{\"@type\":\"ListItem\",\"position\":1,\"name\":\"Startseite\",\"item\":\"https:\/\/igp-youngstars.de\/\"},{\"@type\":\"ListItem\",\"position\":2,\"name\":\"Impressum\"}]},{\"@type\":\"WebSite\",\"@id\":\"https:\/\/igp-youngstars.de\/#website\",\"url\":\"https:\/\/igp-youngstars.de\/\",\"name\":\"IGP Youngstars Camp\",\"description\":\"Come and Enjoy\",\"publisher\":{\"@id\":\"https:\/\/igp-youngstars.de\/#organization\"},\"potentialAction\":[{\"@type\":\"SearchAction\",\"target\":{\"@type\":\"EntryPoint\",\"urlTemplate\":\"https:\/\/igp-youngstars.de\/?s={search_term_string}\"},\"query-input\":{\"@type\":\"PropertyValueSpecification\",\"valueRequired\":true,\"valueName\":\"search_term_string\"}}],\"inLanguage\":\"en-US\"},{\"@type\":\"Organization\",\"@id\":\"https:\/\/igp-youngstars.de\/#organization\",\"name\":\"IGP Youngstars\",\"url\":\"https:\/\/igp-youngstars.de\/\",\"logo\":{\"@type\":\"ImageObject\",\"inLanguage\":\"en-US\",\"@id\":\"https:\/\/igp-youngstars.de\/#\/schema\/logo\/image\/\",\"url\":\"https:\/\/igp-youngstars.de\/wp-content\/uploads\/2022\/03\/IGP-Youngstars-logo-farbig-wr.jpg\",\"contentUrl\":\"https:\/\/igp-youngstars.de\/wp-content\/uploads\/2022\/03\/IGP-Youngstars-logo-farbig-wr.jpg\",\"width\":500,\"height\":400,\"caption\":\"IGP Youngstars\"},\"image\":{\"@id\":\"https:\/\/igp-youngstars.de\/#\/schema\/logo\/image\/\"},\"sameAs\":[\"https:\/\/www.facebook.com\/IQDogsport\/\",\"https:\/\/www.instagram.com\/iq_dogsport\/\"]}]}<\/script>\n<!-- \/ Yoast SEO plugin. -->","yoast_head_json":{"title":"Impressum - IGP Youngstars Camp","description":"Das IGP Youngstars Camp f\u00fcr alle bis 25 Jahren. Die besten Ausbilder, unterschiedliche Rassen, Info-St\u00e4nde und noch vieles mehr erwartet Euch!","robots":{"index":"index","follow":"follow","max-snippet":"max-snippet:-1","max-image-preview":"max-image-preview:large","max-video-preview":"max-video-preview:-1"},"canonical":"https:\/\/igp-youngstars.de\/en\/impressum\/","og_locale":"en_US","og_type":"article","og_title":"Impressum - IGP Youngstars Camp","og_description":"Das IGP Youngstars Camp f\u00fcr alle bis 25 Jahren. Die besten Ausbilder, unterschiedliche Rassen, Info-St\u00e4nde und noch vieles mehr erwartet Euch!","og_url":"https:\/\/igp-youngstars.de\/en\/impressum\/","og_site_name":"IGP Youngstars Camp","article_publisher":"https:\/\/www.facebook.com\/IQDogsport\/","article_modified_time":"2025-02-28T21:24:59+00:00","og_image":[{"width":500,"height":400,"url":"https:\/\/igp-youngstars.de\/wp-content\/uploads\/2022\/03\/IGP-Youngstars-logo-farbig-wr.jpg","type":"image\/jpeg"}],"twitter_card":"summary_large_image","twitter_misc":{"Est. reading time":"3 minutes"},"schema":{"@context":"https:\/\/schema.org","@graph":[{"@type":"WebPage","@id":"https:\/\/igp-youngstars.de\/impressum\/","url":"https:\/\/igp-youngstars.de\/impressum\/","name":"Impressum - IGP Youngstars Camp","isPartOf":{"@id":"https:\/\/igp-youngstars.de\/#website"},"datePublished":"2022-03-04T23:03:15+00:00","dateModified":"2025-02-28T21:24:59+00:00","description":"Das IGP Youngstars Camp f\u00fcr alle bis 25 Jahren. Die besten Ausbilder, unterschiedliche Rassen, Info-St\u00e4nde und noch vieles mehr erwartet Euch!","breadcrumb":{"@id":"https:\/\/igp-youngstars.de\/impressum\/#breadcrumb"},"inLanguage":"en-US","potentialAction":[{"@type":"ReadAction","target":["https:\/\/igp-youngstars.de\/impressum\/"]}]},{"@type":"BreadcrumbList","@id":"https:\/\/igp-youngstars.de\/impressum\/#breadcrumb","itemListElement":[{"@type":"ListItem","position":1,"name":"Startseite","item":"https:\/\/igp-youngstars.de\/"},{"@type":"ListItem","position":2,"name":"Impressum"}]},{"@type":"WebSite","@id":"https:\/\/igp-youngstars.de\/#website","url":"https:\/\/igp-youngstars.de\/","name":"IGP Youngstars Camp","description":"Come and Enjoy","publisher":{"@id":"https:\/\/igp-youngstars.de\/#organization"},"potentialAction":[{"@type":"SearchAction","target":{"@type":"EntryPoint","urlTemplate":"https:\/\/igp-youngstars.de\/?s={search_term_string}"},"query-input":{"@type":"PropertyValueSpecification","valueRequired":true,"valueName":"search_term_string"}}],"inLanguage":"en-US"},{"@type":"Organization","@id":"https:\/\/igp-youngstars.de\/#organization","name":"IGP Youngstars","url":"https:\/\/igp-youngstars.de\/","logo":{"@type":"ImageObject","inLanguage":"en-US","@id":"https:\/\/igp-youngstars.de\/#\/schema\/logo\/image\/","url":"https:\/\/igp-youngstars.de\/wp-content\/uploads\/2022\/03\/IGP-Youngstars-logo-farbig-wr.jpg","contentUrl":"https:\/\/igp-youngstars.de\/wp-content\/uploads\/2022\/03\/IGP-Youngstars-logo-farbig-wr.jpg","width":500,"height":400,"caption":"IGP Youngstars"},"image":{"@id":"https:\/\/igp-youngstars.de\/#\/schema\/logo\/image\/"},"sameAs":["https:\/\/www.facebook.com\/IQDogsport\/","https:\/\/www.instagram.com\/iq_dogsport\/"]}]}},"_links":{"self":[{"href":"https:\/\/igp-youngstars.de\/en\/wp-json\/wp\/v2\/pages\/1167","targetHints":{"allow":["GET"]}}],"collection":[{"href":"https:\/\/igp-youngstars.de\/en\/wp-json\/wp\/v2\/pages"}],"about":[{"href":"https:\/\/igp-youngstars.de\/en\/wp-json\/wp\/v2\/types\/page"}],"author":[{"embeddable":true,"href":"https:\/\/igp-youngstars.de\/en\/wp-json\/wp\/v2\/users\/1"}],"replies":[{"embeddable":true,"href":"https:\/\/igp-youngstars.de\/en\/wp-json\/wp\/v2\/comments?post=1167"}],"version-history":[{"count":27,"href":"https:\/\/igp-youngstars.de\/en\/wp-json\/wp\/v2\/pages\/1167\/revisions"}],"predecessor-version":[{"id":3144,"href":"https:\/\/igp-youngstars.de\/en\/wp-json\/wp\/v2\/pages\/1167\/revisions\/3144"}],"wp:attachment":[{"href":"https:\/\/igp-youngstars.de\/en\/wp-json\/wp\/v2\/media?parent=1167"}],"curies":[{"name":"wp","href":"https:\/\/api.w.org\/{rel}","templated":true}]}}