{"id":1538,"date":"2022-03-10T09:05:04","date_gmt":"2022-03-10T08:05:04","guid":{"rendered":"https:\/\/igp-youngstars.de\/?page_id=1538"},"modified":"2025-05-29T12:15:42","modified_gmt":"2025-05-29T10:15:42","slug":"anmeldung-stop","status":"publish","type":"page","link":"https:\/\/igp-youngstars.de\/en\/anmeldung-stop\/","title":{"rendered":"Anmeldung Stop"},"content":{"rendered":"<div data-elementor-type=\"wp-page\" data-elementor-id=\"1538\" class=\"elementor elementor-1538\" data-elementor-post-type=\"page\">\n\t\t\t\t\t\t<section class=\"elementor-section elementor-top-section elementor-element elementor-element-14b30333 elementor-section-height-min-height elementor-section-boxed elementor-section-height-default elementor-section-items-middle elementor-invisible\" data-id=\"14b30333\" data-element_type=\"section\" data-settings=\"{&quot;animation&quot;:&quot;fadeIn&quot;}\">\n\t\t\t\t\t\t\t<div class=\"elementor-background-overlay\"><\/div>\n\t\t\t\t\t\t\t<div class=\"elementor-container elementor-column-gap-default\">\n\t\t\t\t\t<div class=\"elementor-column elementor-col-100 elementor-top-column elementor-element elementor-element-e990f82\" data-id=\"e990f82\" data-element_type=\"column\">\n\t\t\t<div class=\"elementor-widget-wrap elementor-element-populated\">\n\t\t\t\t\t\t<section class=\"elementor-section elementor-inner-section elementor-element elementor-element-2be1269f elementor-section-content-middle elementor-section-boxed elementor-section-height-default elementor-section-height-default\" data-id=\"2be1269f\" data-element_type=\"section\">\n\t\t\t\t\t\t<div class=\"elementor-container elementor-column-gap-default\">\n\t\t\t\t\t<div class=\"elementor-column elementor-col-33 elementor-inner-column elementor-element elementor-element-3ea9afe2\" data-id=\"3ea9afe2\" data-element_type=\"column\">\n\t\t\t<div class=\"elementor-widget-wrap elementor-element-populated\">\n\t\t\t\t\t\t<div class=\"elementor-element elementor-element-496aa85d animated-slow elementor-view-default elementor-invisible elementor-widget elementor-widget-icon\" data-id=\"496aa85d\" data-element_type=\"widget\" data-settings=\"{&quot;_animation&quot;:&quot;fadeInLeft&quot;}\" data-widget_type=\"icon.default\">\n\t\t\t\t<div class=\"elementor-widget-container\">\n\t\t\t\t\t\t\t<div class=\"elementor-icon-wrapper\">\n\t\t\t<div class=\"elementor-icon\">\n\t\t\t<i aria-hidden=\"true\" class=\"fas fa-star\"><\/i>\t\t\t<\/div>\n\t\t<\/div>\n\t\t\t\t\t\t<\/div>\n\t\t\t\t<\/div>\n\t\t\t\t<div class=\"elementor-element elementor-element-267cd41b elementor-view-default elementor-invisible elementor-widget elementor-widget-icon\" data-id=\"267cd41b\" data-element_type=\"widget\" data-settings=\"{&quot;_animation&quot;:&quot;fadeInLeft&quot;}\" data-widget_type=\"icon.default\">\n\t\t\t\t<div class=\"elementor-widget-container\">\n\t\t\t\t\t\t\t<div class=\"elementor-icon-wrapper\">\n\t\t\t<div class=\"elementor-icon\">\n\t\t\t<i aria-hidden=\"true\" class=\"fas fa-star\"><\/i>\t\t\t<\/div>\n\t\t<\/div>\n\t\t\t\t\t\t<\/div>\n\t\t\t\t<\/div>\n\t\t\t\t\t<\/div>\n\t\t<\/div>\n\t\t\t\t<div class=\"elementor-column elementor-col-33 elementor-inner-column elementor-element elementor-element-3a0377bd\" data-id=\"3a0377bd\" data-element_type=\"column\">\n\t\t\t<div class=\"elementor-widget-wrap elementor-element-populated\">\n\t\t\t\t\t\t<div class=\"elementor-element elementor-element-129b590c elementor-invisible elementor-widget elementor-widget-heading\" data-id=\"129b590c\" data-element_type=\"widget\" data-settings=\"{&quot;_animation&quot;:&quot;fadeInDown&quot;}\" data-widget_type=\"heading.default\">\n\t\t\t\t<div class=\"elementor-widget-container\">\n\t\t\t\t\t<h4 class=\"elementor-heading-title elementor-size-xxl\">Registration<\/h4>\t\t\t\t<\/div>\n\t\t\t\t<\/div>\n\t\t\t\t\t<\/div>\n\t\t<\/div>\n\t\t\t\t<div class=\"elementor-column elementor-col-33 elementor-inner-column elementor-element elementor-element-2181f8f2\" data-id=\"2181f8f2\" data-element_type=\"column\">\n\t\t\t<div class=\"elementor-widget-wrap elementor-element-populated\">\n\t\t\t\t\t\t<div class=\"elementor-element elementor-element-2c9d3a59 animated-slow elementor-view-default elementor-invisible elementor-widget elementor-widget-icon\" data-id=\"2c9d3a59\" data-element_type=\"widget\" data-settings=\"{&quot;_animation&quot;:&quot;fadeInRight&quot;}\" data-widget_type=\"icon.default\">\n\t\t\t\t<div class=\"elementor-widget-container\">\n\t\t\t\t\t\t\t<div class=\"elementor-icon-wrapper\">\n\t\t\t<div class=\"elementor-icon\">\n\t\t\t<i aria-hidden=\"true\" class=\"fas fa-star\"><\/i>\t\t\t<\/div>\n\t\t<\/div>\n\t\t\t\t\t\t<\/div>\n\t\t\t\t<\/div>\n\t\t\t\t<div class=\"elementor-element elementor-element-596857ef elementor-view-default elementor-invisible elementor-widget elementor-widget-icon\" data-id=\"596857ef\" data-element_type=\"widget\" data-settings=\"{&quot;_animation&quot;:&quot;fadeInLeft&quot;}\" data-widget_type=\"icon.default\">\n\t\t\t\t<div class=\"elementor-widget-container\">\n\t\t\t\t\t\t\t<div class=\"elementor-icon-wrapper\">\n\t\t\t<div class=\"elementor-icon\">\n\t\t\t<i aria-hidden=\"true\" class=\"fas fa-star\"><\/i>\t\t\t<\/div>\n\t\t<\/div>\n\t\t\t\t\t\t<\/div>\n\t\t\t\t<\/div>\n\t\t\t\t\t<\/div>\n\t\t<\/div>\n\t\t\t\t\t<\/div>\n\t\t<\/section>\n\t\t\t\t<div class=\"elementor-element elementor-element-446d4ac2 animated-slow elementor-view-default elementor-invisible elementor-widget elementor-widget-icon\" data-id=\"446d4ac2\" data-element_type=\"widget\" data-settings=\"{&quot;_animation&quot;:&quot;fadeInUp&quot;}\" data-widget_type=\"icon.default\">\n\t\t\t\t<div class=\"elementor-widget-container\">\n\t\t\t\t\t\t\t<div class=\"elementor-icon-wrapper\">\n\t\t\t<a class=\"elementor-icon elementor-animation-grow\" href=\"#anchor\">\n\t\t\t<i aria-hidden=\"true\" class=\"fas fa-angle-down\"><\/i>\t\t\t<\/a>\n\t\t<\/div>\n\t\t\t\t\t\t<\/div>\n\t\t\t\t<\/div>\n\t\t\t\t\t<\/div>\n\t\t<\/div>\n\t\t\t\t\t<\/div>\n\t\t<\/section>\n\t\t\t\t<section class=\"elementor-section elementor-top-section elementor-element elementor-element-25fc15bd elementor-section-boxed elementor-section-height-default elementor-section-height-default\" data-id=\"25fc15bd\" data-element_type=\"section\" data-settings=\"{&quot;background_background&quot;:&quot;classic&quot;}\">\n\t\t\t\t\t\t\t<div class=\"elementor-background-overlay\"><\/div>\n\t\t\t\t\t\t\t<div class=\"elementor-container elementor-column-gap-extended\">\n\t\t\t\t\t<div class=\"elementor-column elementor-col-100 elementor-top-column elementor-element elementor-element-78eac378\" data-id=\"78eac378\" data-element_type=\"column\" data-settings=\"{&quot;background_background&quot;:&quot;classic&quot;}\">\n\t\t\t<div class=\"elementor-widget-wrap elementor-element-populated\">\n\t\t\t\t\t\t<div class=\"elementor-element elementor-element-480a7f5 elementor-widget elementor-widget-text-editor\" data-id=\"480a7f5\" data-element_type=\"widget\" data-widget_type=\"text-editor.default\">\n\t\t\t\t<div class=\"elementor-widget-container\">\n\t\t\t\t\t\t\t\t\t<h2><span style=\"color: #b10000;\">Registration <br \/><\/span><\/h2>\t\t\t\t\t\t\t\t<\/div>\n\t\t\t\t<\/div>\n\t\t\t\t<div class=\"elementor-element elementor-element-b773956 elementor-widget elementor-widget-text-editor\" data-id=\"b773956\" data-element_type=\"widget\" data-widget_type=\"text-editor.default\">\n\t\t\t\t<div class=\"elementor-widget-container\">\n\t\t\t\t\t\t\t\t\t<p style=\"text-align: left;\">The camp is more than full and we are absolutely thrilled that there is so much interest in the IGP Youngstars Camp &amp; Helper Camp \ud83d\ude42 Unfortunately, we cannot accept any more registrations.<\/p><p style=\"text-align: center;\">Are you already registered?! We will send you the registration confirmations in the coming week!<\/p><p style=\"text-align: center;\"><em><strong>Important instructions:\u00a0<\/strong><\/em><\/p><ul><li style=\"text-align: left;\">All dogs must have a valid rabies vaccination.<\/li><li style=\"text-align: left;\">Since we do not have any shaded parking spaces, you must provide sun protection and fresh water for your dogs.<\/li><\/ul><p style=\"text-align: center;\"><em><strong>Owners whose dogs are found in inadequate condition will be sent home<\/strong><\/em><\/p>\t\t\t\t\t\t\t\t<\/div>\n\t\t\t\t<\/div>\n\t\t\t\t\t<\/div>\n\t\t<\/div>\n\t\t\t\t\t<\/div>\n\t\t<\/section>\n\t\t\t\t<\/div>","protected":false},"excerpt":{"rendered":"<p>Anmeldung Anmeldung Das Camp ist mehr als voll und wir sind total begeistert, dass das Interesse am IGP Youngstars Camp &amp; Helper-Camp so gro\u00df ist \ud83d\ude42 Leider k\u00f6nnen wir keine weiteren Anmeldungen entgegennehmen. Du hast Dich \u00fcber das Formular bereits angemeldet?! Wir versenden in der kommenden Woche die Anmeldebest\u00e4tigungen an Euch! Wichtige Hinweise:\u00a0 Alle Hunde [&hellip;]<\/p>","protected":false},"author":1,"featured_media":0,"parent":0,"menu_order":0,"comment_status":"closed","ping_status":"closed","template":"elementor_header_footer","meta":{"_acf_changed":false,"site-sidebar-layout":"no-sidebar","site-content-layout":"page-builder","ast-site-content-layout":"","site-content-style":"default","site-sidebar-style":"default","ast-global-header-display":"","ast-banner-title-visibility":"","ast-main-header-display":"","ast-hfb-above-header-display":"","ast-hfb-below-header-display":"","ast-hfb-mobile-header-display":"","site-post-title":"disabled","ast-breadcrumbs-content":"","ast-featured-img":"disabled","footer-sml-layout":"","theme-transparent-header-meta":"","adv-header-id-meta":"","stick-header-meta":"","header-above-stick-meta":"","header-main-stick-meta":"","header-below-stick-meta":"","astra-migrate-meta-layouts":"default","ast-page-background-enabled":"default","ast-page-background-meta":{"desktop":{"background-color":"var(--ast-global-color-4)","background-image":"","background-repeat":"repeat","background-position":"center center","background-size":"auto","background-attachment":"scroll","background-type":"","background-media":"","overlay-type":"","overlay-color":"","overlay-opacity":"","overlay-gradient":""},"tablet":{"background-color":"","background-image":"","background-repeat":"repeat","background-position":"center center","background-size":"auto","background-attachment":"scroll","background-type":"","background-media":"","overlay-type":"","overlay-color":"","overlay-opacity":"","overlay-gradient":""},"mobile":{"background-color":"","background-image":"","background-repeat":"repeat","background-position":"center center","background-size":"auto","background-attachment":"scroll","background-type":"","background-media":"","overlay-type":"","overlay-color":"","overlay-opacity":"","overlay-gradient":""}},"ast-content-background-meta":{"desktop":{"background-color":"var(--ast-global-color-5)","background-image":"","background-repeat":"repeat","background-position":"center center","background-size":"auto","background-attachment":"scroll","background-type":"","background-media":"","overlay-type":"","overlay-color":"","overlay-opacity":"","overlay-gradient":""},"tablet":{"background-color":"var(--ast-global-color-5)","background-image":"","background-repeat":"repeat","background-position":"center center","background-size":"auto","background-attachment":"scroll","background-type":"","background-media":"","overlay-type":"","overlay-color":"","overlay-opacity":"","overlay-gradient":""},"mobile":{"background-color":"var(--ast-global-color-5)","background-image":"","background-repeat":"repeat","background-position":"center center","background-size":"auto","background-attachment":"scroll","background-type":"","background-media":"","overlay-type":"","overlay-color":"","overlay-opacity":"","overlay-gradient":""}},"footnotes":""},"class_list":["post-1538","page","type-page","status-publish","hentry"],"acf":[],"yoast_head":"<!-- This site is optimized with the Yoast SEO plugin v24.3 - https:\/\/yoast.com\/wordpress\/plugins\/seo\/ -->\n<title>Anmeldung Stop - IGP Youngstars Camp<\/title>\n<meta name=\"description\" content=\"Melde Dich zum IGP Youngstars Camp f\u00fcr Jugendliche (bis 25 Jahren) an. Du kannst in F\u00e4hrte, Unterordnung und\/der Schutzdienst teilnehmen.\" \/>\n<meta name=\"robots\" content=\"index, follow, max-snippet:-1, max-image-preview:large, max-video-preview:-1\" \/>\n<link rel=\"canonical\" href=\"https:\/\/igp-youngstars.de\/en\/anmeldung-stop\/\" \/>\n<meta property=\"og:locale\" content=\"en_US\" \/>\n<meta property=\"og:type\" content=\"article\" \/>\n<meta property=\"og:title\" content=\"Anmeldung Stop - IGP Youngstars Camp\" \/>\n<meta property=\"og:description\" content=\"Melde Dich zum IGP Youngstars Camp f\u00fcr Jugendliche (bis 25 Jahren) an. Du kannst in F\u00e4hrte, Unterordnung und\/der Schutzdienst teilnehmen.\" \/>\n<meta property=\"og:url\" content=\"https:\/\/igp-youngstars.de\/en\/anmeldung-stop\/\" \/>\n<meta property=\"og:site_name\" content=\"IGP Youngstars Camp\" \/>\n<meta property=\"article:publisher\" content=\"https:\/\/www.facebook.com\/IQDogsport\/\" \/>\n<meta property=\"article:modified_time\" content=\"2025-05-29T10:15:42+00:00\" \/>\n<meta property=\"og:image\" content=\"https:\/\/igp-youngstars.de\/wp-content\/uploads\/2022\/03\/IGP-Youngstars-logo-farbig-wr.jpg\" \/>\n\t<meta property=\"og:image:width\" content=\"500\" \/>\n\t<meta property=\"og:image:height\" content=\"400\" \/>\n\t<meta property=\"og:image:type\" content=\"image\/jpeg\" \/>\n<meta name=\"twitter:card\" content=\"summary_large_image\" \/>\n<meta name=\"twitter:label1\" content=\"Est. reading time\" \/>\n\t<meta name=\"twitter:data1\" content=\"1 minute\" \/>\n<script type=\"application\/ld+json\" class=\"yoast-schema-graph\">{\"@context\":\"https:\/\/schema.org\",\"@graph\":[{\"@type\":\"WebPage\",\"@id\":\"https:\/\/igp-youngstars.de\/anmeldung-stop\/\",\"url\":\"https:\/\/igp-youngstars.de\/anmeldung-stop\/\",\"name\":\"Anmeldung Stop - IGP Youngstars Camp\",\"isPartOf\":{\"@id\":\"https:\/\/igp-youngstars.de\/#website\"},\"datePublished\":\"2022-03-10T08:05:04+00:00\",\"dateModified\":\"2025-05-29T10:15:42+00:00\",\"description\":\"Melde Dich zum IGP Youngstars Camp f\u00fcr Jugendliche (bis 25 Jahren) an. Du kannst in F\u00e4hrte, Unterordnung und\/der Schutzdienst teilnehmen.\",\"breadcrumb\":{\"@id\":\"https:\/\/igp-youngstars.de\/anmeldung-stop\/#breadcrumb\"},\"inLanguage\":\"en-US\",\"potentialAction\":[{\"@type\":\"ReadAction\",\"target\":[\"https:\/\/igp-youngstars.de\/anmeldung-stop\/\"]}]},{\"@type\":\"BreadcrumbList\",\"@id\":\"https:\/\/igp-youngstars.de\/anmeldung-stop\/#breadcrumb\",\"itemListElement\":[{\"@type\":\"ListItem\",\"position\":1,\"name\":\"Startseite\",\"item\":\"https:\/\/igp-youngstars.de\/\"},{\"@type\":\"ListItem\",\"position\":2,\"name\":\"Anmeldung Stop\"}]},{\"@type\":\"WebSite\",\"@id\":\"https:\/\/igp-youngstars.de\/#website\",\"url\":\"https:\/\/igp-youngstars.de\/\",\"name\":\"IGP Youngstars Camp\",\"description\":\"Come and Enjoy\",\"publisher\":{\"@id\":\"https:\/\/igp-youngstars.de\/#organization\"},\"potentialAction\":[{\"@type\":\"SearchAction\",\"target\":{\"@type\":\"EntryPoint\",\"urlTemplate\":\"https:\/\/igp-youngstars.de\/?s={search_term_string}\"},\"query-input\":{\"@type\":\"PropertyValueSpecification\",\"valueRequired\":true,\"valueName\":\"search_term_string\"}}],\"inLanguage\":\"en-US\"},{\"@type\":\"Organization\",\"@id\":\"https:\/\/igp-youngstars.de\/#organization\",\"name\":\"IGP Youngstars\",\"url\":\"https:\/\/igp-youngstars.de\/\",\"logo\":{\"@type\":\"ImageObject\",\"inLanguage\":\"en-US\",\"@id\":\"https:\/\/igp-youngstars.de\/#\/schema\/logo\/image\/\",\"url\":\"https:\/\/igp-youngstars.de\/wp-content\/uploads\/2022\/03\/IGP-Youngstars-logo-farbig-wr.jpg\",\"contentUrl\":\"https:\/\/igp-youngstars.de\/wp-content\/uploads\/2022\/03\/IGP-Youngstars-logo-farbig-wr.jpg\",\"width\":500,\"height\":400,\"caption\":\"IGP Youngstars\"},\"image\":{\"@id\":\"https:\/\/igp-youngstars.de\/#\/schema\/logo\/image\/\"},\"sameAs\":[\"https:\/\/www.facebook.com\/IQDogsport\/\",\"https:\/\/www.instagram.com\/iq_dogsport\/\"]}]}<\/script>\n<!-- \/ Yoast SEO plugin. -->","yoast_head_json":{"title":"Anmeldung Stop - IGP Youngstars Camp","description":"Melde Dich zum IGP Youngstars Camp f\u00fcr Jugendliche (bis 25 Jahren) an. Du kannst in F\u00e4hrte, Unterordnung und\/der Schutzdienst teilnehmen.","robots":{"index":"index","follow":"follow","max-snippet":"max-snippet:-1","max-image-preview":"max-image-preview:large","max-video-preview":"max-video-preview:-1"},"canonical":"https:\/\/igp-youngstars.de\/en\/anmeldung-stop\/","og_locale":"en_US","og_type":"article","og_title":"Anmeldung Stop - IGP Youngstars Camp","og_description":"Melde Dich zum IGP Youngstars Camp f\u00fcr Jugendliche (bis 25 Jahren) an. Du kannst in F\u00e4hrte, Unterordnung und\/der Schutzdienst teilnehmen.","og_url":"https:\/\/igp-youngstars.de\/en\/anmeldung-stop\/","og_site_name":"IGP Youngstars Camp","article_publisher":"https:\/\/www.facebook.com\/IQDogsport\/","article_modified_time":"2025-05-29T10:15:42+00:00","og_image":[{"width":500,"height":400,"url":"https:\/\/igp-youngstars.de\/wp-content\/uploads\/2022\/03\/IGP-Youngstars-logo-farbig-wr.jpg","type":"image\/jpeg"}],"twitter_card":"summary_large_image","twitter_misc":{"Est. reading time":"1 minute"},"schema":{"@context":"https:\/\/schema.org","@graph":[{"@type":"WebPage","@id":"https:\/\/igp-youngstars.de\/anmeldung-stop\/","url":"https:\/\/igp-youngstars.de\/anmeldung-stop\/","name":"Anmeldung Stop - IGP Youngstars Camp","isPartOf":{"@id":"https:\/\/igp-youngstars.de\/#website"},"datePublished":"2022-03-10T08:05:04+00:00","dateModified":"2025-05-29T10:15:42+00:00","description":"Melde Dich zum IGP Youngstars Camp f\u00fcr Jugendliche (bis 25 Jahren) an. Du kannst in F\u00e4hrte, Unterordnung und\/der Schutzdienst teilnehmen.","breadcrumb":{"@id":"https:\/\/igp-youngstars.de\/anmeldung-stop\/#breadcrumb"},"inLanguage":"en-US","potentialAction":[{"@type":"ReadAction","target":["https:\/\/igp-youngstars.de\/anmeldung-stop\/"]}]},{"@type":"BreadcrumbList","@id":"https:\/\/igp-youngstars.de\/anmeldung-stop\/#breadcrumb","itemListElement":[{"@type":"ListItem","position":1,"name":"Startseite","item":"https:\/\/igp-youngstars.de\/"},{"@type":"ListItem","position":2,"name":"Anmeldung Stop"}]},{"@type":"WebSite","@id":"https:\/\/igp-youngstars.de\/#website","url":"https:\/\/igp-youngstars.de\/","name":"IGP Youngstars Camp","description":"Come and Enjoy","publisher":{"@id":"https:\/\/igp-youngstars.de\/#organization"},"potentialAction":[{"@type":"SearchAction","target":{"@type":"EntryPoint","urlTemplate":"https:\/\/igp-youngstars.de\/?s={search_term_string}"},"query-input":{"@type":"PropertyValueSpecification","valueRequired":true,"valueName":"search_term_string"}}],"inLanguage":"en-US"},{"@type":"Organization","@id":"https:\/\/igp-youngstars.de\/#organization","name":"IGP Youngstars","url":"https:\/\/igp-youngstars.de\/","logo":{"@type":"ImageObject","inLanguage":"en-US","@id":"https:\/\/igp-youngstars.de\/#\/schema\/logo\/image\/","url":"https:\/\/igp-youngstars.de\/wp-content\/uploads\/2022\/03\/IGP-Youngstars-logo-farbig-wr.jpg","contentUrl":"https:\/\/igp-youngstars.de\/wp-content\/uploads\/2022\/03\/IGP-Youngstars-logo-farbig-wr.jpg","width":500,"height":400,"caption":"IGP Youngstars"},"image":{"@id":"https:\/\/igp-youngstars.de\/#\/schema\/logo\/image\/"},"sameAs":["https:\/\/www.facebook.com\/IQDogsport\/","https:\/\/www.instagram.com\/iq_dogsport\/"]}]}},"_links":{"self":[{"href":"https:\/\/igp-youngstars.de\/en\/wp-json\/wp\/v2\/pages\/1538","targetHints":{"allow":["GET"]}}],"collection":[{"href":"https:\/\/igp-youngstars.de\/en\/wp-json\/wp\/v2\/pages"}],"about":[{"href":"https:\/\/igp-youngstars.de\/en\/wp-json\/wp\/v2\/types\/page"}],"author":[{"embeddable":true,"href":"https:\/\/igp-youngstars.de\/en\/wp-json\/wp\/v2\/users\/1"}],"replies":[{"embeddable":true,"href":"https:\/\/igp-youngstars.de\/en\/wp-json\/wp\/v2\/comments?post=1538"}],"version-history":[{"count":27,"href":"https:\/\/igp-youngstars.de\/en\/wp-json\/wp\/v2\/pages\/1538\/revisions"}],"predecessor-version":[{"id":3301,"href":"https:\/\/igp-youngstars.de\/en\/wp-json\/wp\/v2\/pages\/1538\/revisions\/3301"}],"wp:attachment":[{"href":"https:\/\/igp-youngstars.de\/en\/wp-json\/wp\/v2\/media?parent=1538"}],"curies":[{"name":"wp","href":"https:\/\/api.w.org\/{rel}","templated":true}]}}