{"id":2452,"date":"2022-12-24T12:05:49","date_gmt":"2022-12-24T11:05:49","guid":{"rendered":"https:\/\/igp-youngstars.de\/?page_id=2452"},"modified":"2022-12-24T12:10:50","modified_gmt":"2022-12-24T11:10:50","slug":"merry-christmas","status":"publish","type":"page","link":"https:\/\/igp-youngstars.de\/en\/merry-christmas\/","title":{"rendered":""},"content":{"rendered":"<div data-elementor-type=\"wp-page\" data-elementor-id=\"2452\" class=\"elementor elementor-2452\" data-elementor-post-type=\"page\">\n\t\t\t\t\t\t<section class=\"elementor-section elementor-top-section elementor-element elementor-element-36f49ccd elementor-section-full_width elementor-section-stretched elementor-section-height-default elementor-section-height-default\" data-id=\"36f49ccd\" data-element_type=\"section\" id=\"hero_section\" data-settings=\"{&quot;stretch_section&quot;:&quot;section-stretched&quot;,&quot;background_background&quot;:&quot;classic&quot;}\">\n\t\t\t\t\t\t<div class=\"elementor-container elementor-column-gap-no\">\n\t\t\t\t\t<div class=\"elementor-column elementor-col-100 elementor-top-column elementor-element elementor-element-44f6cc14\" data-id=\"44f6cc14\" data-element_type=\"column\">\n\t\t\t<div class=\"elementor-widget-wrap elementor-element-populated\">\n\t\t\t\t\t\t<section class=\"elementor-section elementor-inner-section elementor-element elementor-element-256ec391 elementor-section-full_width elementor-section-content-middle elementor-section-height-default elementor-section-height-default\" data-id=\"256ec391\" data-element_type=\"section\">\n\t\t\t\t\t\t<div class=\"elementor-container elementor-column-gap-no\">\n\t\t\t\t\t<div class=\"elementor-column elementor-col-50 elementor-inner-column elementor-element elementor-element-5298b64b\" data-id=\"5298b64b\" data-element_type=\"column\">\n\t\t\t<div class=\"elementor-widget-wrap elementor-element-populated\">\n\t\t\t\t\t\t<div class=\"elementor-element elementor-element-4760d41c elementor-widget__width-initial elementor-widget elementor-widget-image\" data-id=\"4760d41c\" data-element_type=\"widget\" data-widget_type=\"image.default\">\n\t\t\t\t<div class=\"elementor-widget-container\">\n\t\t\t\t\t\t\t\t\t\t\t\t\t\t\t<img fetchpriority=\"high\" decoding=\"async\" width=\"752\" height=\"831\" src=\"https:\/\/igp-youngstars.de\/wp-content\/uploads\/2022\/12\/bb77b05d-header-image-1-copy.png\" class=\"attachment-full size-full wp-image-2454\" alt=\"\" srcset=\"https:\/\/igp-youngstars.de\/wp-content\/uploads\/2022\/12\/bb77b05d-header-image-1-copy.png 752w, https:\/\/igp-youngstars.de\/wp-content\/uploads\/2022\/12\/bb77b05d-header-image-1-copy-600x663.png 600w, https:\/\/igp-youngstars.de\/wp-content\/uploads\/2022\/12\/bb77b05d-header-image-1-copy-271x300.png 271w, https:\/\/igp-youngstars.de\/wp-content\/uploads\/2022\/12\/bb77b05d-header-image-1-copy-11x12.png 11w, https:\/\/igp-youngstars.de\/wp-content\/uploads\/2022\/12\/bb77b05d-header-image-1-copy-624x690.png 624w\" sizes=\"(max-width: 752px) 100vw, 752px\" \/>\t\t\t\t\t\t\t\t\t\t\t\t\t\t\t<\/div>\n\t\t\t\t<\/div>\n\t\t\t\t<div class=\"elementor-element elementor-element-5945cd7b elementor-widget__width-initial elementor-absolute elementor-widget elementor-widget-image\" data-id=\"5945cd7b\" data-element_type=\"widget\" data-settings=\"{&quot;motion_fx_motion_fx_scrolling&quot;:&quot;yes&quot;,&quot;motion_fx_translateX_effect&quot;:&quot;yes&quot;,&quot;motion_fx_translateX_speed&quot;:{&quot;unit&quot;:&quot;px&quot;,&quot;size&quot;:3,&quot;sizes&quot;:[]},&quot;_position&quot;:&quot;absolute&quot;,&quot;motion_fx_devices&quot;:[&quot;desktop&quot;,&quot;tablet&quot;],&quot;motion_fx_translateX_affectedRange&quot;:{&quot;unit&quot;:&quot;%&quot;,&quot;size&quot;:&quot;&quot;,&quot;sizes&quot;:{&quot;start&quot;:0,&quot;end&quot;:100}}}\" data-widget_type=\"image.default\">\n\t\t\t\t<div class=\"elementor-widget-container\">\n\t\t\t\t\t\t\t\t\t\t\t\t\t\t\t<img decoding=\"async\" width=\"523\" height=\"627\" src=\"https:\/\/igp-youngstars.de\/wp-content\/uploads\/2022\/12\/40838221-header-image-3.svg\" class=\"attachment-full size-full wp-image-2455\" alt=\"\" \/>\t\t\t\t\t\t\t\t\t\t\t\t\t\t\t<\/div>\n\t\t\t\t<\/div>\n\t\t\t\t<div class=\"elementor-element elementor-element-e306d66 elementor-widget__width-initial elementor-absolute elementor-widget elementor-widget-image\" data-id=\"e306d66\" data-element_type=\"widget\" data-settings=\"{&quot;motion_fx_motion_fx_scrolling&quot;:&quot;yes&quot;,&quot;motion_fx_scale_effect&quot;:&quot;yes&quot;,&quot;motion_fx_scale_speed&quot;:{&quot;unit&quot;:&quot;px&quot;,&quot;size&quot;:3,&quot;sizes&quot;:[]},&quot;_position&quot;:&quot;absolute&quot;,&quot;motion_fx_scale_direction&quot;:&quot;out-in&quot;,&quot;motion_fx_scale_range&quot;:{&quot;unit&quot;:&quot;%&quot;,&quot;size&quot;:&quot;&quot;,&quot;sizes&quot;:{&quot;start&quot;:20,&quot;end&quot;:80}},&quot;motion_fx_devices&quot;:[&quot;desktop&quot;,&quot;tablet&quot;,&quot;mobile&quot;]}\" data-widget_type=\"image.default\">\n\t\t\t\t<div class=\"elementor-widget-container\">\n\t\t\t\t\t\t\t\t\t\t\t\t\t\t\t<img decoding=\"async\" width=\"392\" height=\"263\" src=\"https:\/\/igp-youngstars.de\/wp-content\/uploads\/2022\/12\/d6fe618a-header-image-2.svg\" class=\"attachment-full size-full wp-image-2456\" alt=\"\" \/>\t\t\t\t\t\t\t\t\t\t\t\t\t\t\t<\/div>\n\t\t\t\t<\/div>\n\t\t\t\t\t<\/div>\n\t\t<\/div>\n\t\t\t\t<div class=\"elementor-column elementor-col-50 elementor-inner-column elementor-element elementor-element-53821044\" data-id=\"53821044\" data-element_type=\"column\">\n\t\t\t<div class=\"elementor-widget-wrap elementor-element-populated\">\n\t\t\t\t\t\t<div class=\"elementor-element elementor-element-5009650 elementor-widget__width-initial elementor-widget elementor-widget-heading\" data-id=\"5009650\" data-element_type=\"widget\" data-widget_type=\"heading.default\">\n\t\t\t\t<div class=\"elementor-widget-container\">\n\t\t\t\t\t<h2 class=\"elementor-heading-title elementor-size-default\">Merry Christmas<\/h2>\t\t\t\t<\/div>\n\t\t\t\t<\/div>\n\t\t\t\t<div class=\"elementor-element elementor-element-60817c5f elementor-widget__width-initial elementor-widget elementor-widget-text-editor\" data-id=\"60817c5f\" data-element_type=\"widget\" data-widget_type=\"text-editor.default\">\n\t\t\t\t<div class=\"elementor-widget-container\">\n\t\t\t\t\t\t\t\t\t<p>mein Lieblingsmuckl. Ich freue mich sehr, dass wir gemeinsam Weihnachten feiern k\u00f6nnen!<\/p>\n<p>Gerne w\u00fcrde ich mir Dir ein sch\u00f6nes Wellness-Wochenende (z.B. 13. &#8211; 15.01.) in einem Hotel Deiner Wahl verbringen. Ich habe schon mal eine Vorauswahl herausgesucht.<\/p>\n<p>Ich liebe Dich! Tausend K\u00fcsse<\/p>\t\t\t\t\t\t\t\t<\/div>\n\t\t\t\t<\/div>\n\t\t\t\t\t<\/div>\n\t\t<\/div>\n\t\t\t\t\t<\/div>\n\t\t<\/section>\n\t\t\t\t\t<\/div>\n\t\t<\/div>\n\t\t\t\t\t<\/div>\n\t\t<\/section>\n\t\t\t\t<\/div>","protected":false},"excerpt":{"rendered":"<p>Merry Christmas mein Lieblingsmuckl. Ich freue mich sehr, dass wir gemeinsam Weihnachten feiern k\u00f6nnen! Gerne w\u00fcrde ich mir Dir ein sch\u00f6nes Wellness-Wochenende (z.B. 13. &#8211; 15.01.) in einem Hotel Deiner Wahl verbringen. Ich habe schon mal eine Vorauswahl herausgesucht. Ich liebe Dich! Tausend K\u00fcsse<\/p>","protected":false},"author":1,"featured_media":0,"parent":0,"menu_order":0,"comment_status":"closed","ping_status":"closed","template":"","meta":{"_acf_changed":false,"site-sidebar-layout":"default","site-content-layout":"","ast-site-content-layout":"","site-content-style":"default","site-sidebar-style":"default","ast-global-header-display":"","ast-banner-title-visibility":"","ast-main-header-display":"","ast-hfb-above-header-display":"","ast-hfb-below-header-display":"","ast-hfb-mobile-header-display":"","site-post-title":"","ast-breadcrumbs-content":"","ast-featured-img":"","footer-sml-layout":"","theme-transparent-header-meta":"","adv-header-id-meta":"","stick-header-meta":"","header-above-stick-meta":"","header-main-stick-meta":"","header-below-stick-meta":"","astra-migrate-meta-layouts":"default","ast-page-background-enabled":"default","ast-page-background-meta":{"desktop":{"background-color":"var(--ast-global-color-4)","background-image":"","background-repeat":"repeat","background-position":"center center","background-size":"auto","background-attachment":"scroll","background-type":"","background-media":"","overlay-type":"","overlay-color":"","overlay-opacity":"","overlay-gradient":""},"tablet":{"background-color":"","background-image":"","background-repeat":"repeat","background-position":"center center","background-size":"auto","background-attachment":"scroll","background-type":"","background-media":"","overlay-type":"","overlay-color":"","overlay-opacity":"","overlay-gradient":""},"mobile":{"background-color":"","background-image":"","background-repeat":"repeat","background-position":"center center","background-size":"auto","background-attachment":"scroll","background-type":"","background-media":"","overlay-type":"","overlay-color":"","overlay-opacity":"","overlay-gradient":""}},"ast-content-background-meta":{"desktop":{"background-color":"var(--ast-global-color-5)","background-image":"","background-repeat":"repeat","background-position":"center center","background-size":"auto","background-attachment":"scroll","background-type":"","background-media":"","overlay-type":"","overlay-color":"","overlay-opacity":"","overlay-gradient":""},"tablet":{"background-color":"var(--ast-global-color-5)","background-image":"","background-repeat":"repeat","background-position":"center center","background-size":"auto","background-attachment":"scroll","background-type":"","background-media":"","overlay-type":"","overlay-color":"","overlay-opacity":"","overlay-gradient":""},"mobile":{"background-color":"var(--ast-global-color-5)","background-image":"","background-repeat":"repeat","background-position":"center center","background-size":"auto","background-attachment":"scroll","background-type":"","background-media":"","overlay-type":"","overlay-color":"","overlay-opacity":"","overlay-gradient":""}},"footnotes":""},"class_list":["post-2452","page","type-page","status-publish","hentry"],"acf":[],"yoast_head":"<!-- This site is optimized with the Yoast SEO plugin v24.3 - https:\/\/yoast.com\/wordpress\/plugins\/seo\/ -->\n<title>- IGP Youngstars Camp<\/title>\n<meta name=\"description\" content=\"Das IGP Youngstars Camp f\u00fcr alle bis 25 Jahren. Die besten Ausbilder, unterschiedliche Rassen, Info-St\u00e4nde und noch vieles mehr erwartet Euch!\" \/>\n<meta name=\"robots\" content=\"index, follow, max-snippet:-1, max-image-preview:large, max-video-preview:-1\" \/>\n<link rel=\"canonical\" href=\"https:\/\/igp-youngstars.de\/en\/merry-christmas\/\" \/>\n<meta property=\"og:locale\" content=\"en_US\" \/>\n<meta property=\"og:type\" content=\"article\" \/>\n<meta property=\"og:title\" content=\"- IGP Youngstars Camp\" \/>\n<meta property=\"og:description\" content=\"Das IGP Youngstars Camp f\u00fcr alle bis 25 Jahren. Die besten Ausbilder, unterschiedliche Rassen, Info-St\u00e4nde und noch vieles mehr erwartet Euch!\" \/>\n<meta property=\"og:url\" content=\"https:\/\/igp-youngstars.de\/en\/merry-christmas\/\" \/>\n<meta property=\"og:site_name\" content=\"IGP Youngstars Camp\" \/>\n<meta property=\"article:publisher\" content=\"https:\/\/www.facebook.com\/IQDogsport\/\" \/>\n<meta property=\"article:modified_time\" content=\"2022-12-24T11:10:50+00:00\" \/>\n<meta property=\"og:image\" content=\"https:\/\/igp-youngstars.de\/wp-content\/uploads\/2022\/12\/bb77b05d-header-image-1-copy.png\" \/>\n<meta name=\"twitter:card\" content=\"summary_large_image\" \/>\n<meta name=\"twitter:label1\" content=\"Est. reading time\" \/>\n\t<meta name=\"twitter:data1\" content=\"1 minute\" \/>\n<script type=\"application\/ld+json\" class=\"yoast-schema-graph\">{\"@context\":\"https:\/\/schema.org\",\"@graph\":[{\"@type\":\"WebPage\",\"@id\":\"https:\/\/igp-youngstars.de\/merry-christmas\/\",\"url\":\"https:\/\/igp-youngstars.de\/merry-christmas\/\",\"name\":\"- IGP Youngstars Camp\",\"isPartOf\":{\"@id\":\"https:\/\/igp-youngstars.de\/#website\"},\"primaryImageOfPage\":{\"@id\":\"https:\/\/igp-youngstars.de\/merry-christmas\/#primaryimage\"},\"image\":{\"@id\":\"https:\/\/igp-youngstars.de\/merry-christmas\/#primaryimage\"},\"thumbnailUrl\":\"https:\/\/igp-youngstars.de\/wp-content\/uploads\/2022\/12\/bb77b05d-header-image-1-copy.png\",\"datePublished\":\"2022-12-24T11:05:49+00:00\",\"dateModified\":\"2022-12-24T11:10:50+00:00\",\"description\":\"Das IGP Youngstars Camp f\u00fcr alle bis 25 Jahren. Die besten Ausbilder, unterschiedliche Rassen, Info-St\u00e4nde und noch vieles mehr erwartet Euch!\",\"inLanguage\":\"en-US\",\"potentialAction\":[{\"@type\":\"ReadAction\",\"target\":[\"https:\/\/igp-youngstars.de\/merry-christmas\/\"]}]},{\"@type\":\"ImageObject\",\"inLanguage\":\"en-US\",\"@id\":\"https:\/\/igp-youngstars.de\/merry-christmas\/#primaryimage\",\"url\":\"https:\/\/igp-youngstars.de\/wp-content\/uploads\/2022\/12\/bb77b05d-header-image-1-copy.png\",\"contentUrl\":\"https:\/\/igp-youngstars.de\/wp-content\/uploads\/2022\/12\/bb77b05d-header-image-1-copy.png\"},{\"@type\":\"WebSite\",\"@id\":\"https:\/\/igp-youngstars.de\/#website\",\"url\":\"https:\/\/igp-youngstars.de\/\",\"name\":\"IGP Youngstars Camp\",\"description\":\"Come and Enjoy\",\"publisher\":{\"@id\":\"https:\/\/igp-youngstars.de\/#organization\"},\"potentialAction\":[{\"@type\":\"SearchAction\",\"target\":{\"@type\":\"EntryPoint\",\"urlTemplate\":\"https:\/\/igp-youngstars.de\/?s={search_term_string}\"},\"query-input\":{\"@type\":\"PropertyValueSpecification\",\"valueRequired\":true,\"valueName\":\"search_term_string\"}}],\"inLanguage\":\"en-US\"},{\"@type\":\"Organization\",\"@id\":\"https:\/\/igp-youngstars.de\/#organization\",\"name\":\"IGP Youngstars\",\"url\":\"https:\/\/igp-youngstars.de\/\",\"logo\":{\"@type\":\"ImageObject\",\"inLanguage\":\"en-US\",\"@id\":\"https:\/\/igp-youngstars.de\/#\/schema\/logo\/image\/\",\"url\":\"https:\/\/igp-youngstars.de\/wp-content\/uploads\/2022\/03\/IGP-Youngstars-logo-farbig-wr.jpg\",\"contentUrl\":\"https:\/\/igp-youngstars.de\/wp-content\/uploads\/2022\/03\/IGP-Youngstars-logo-farbig-wr.jpg\",\"width\":500,\"height\":400,\"caption\":\"IGP Youngstars\"},\"image\":{\"@id\":\"https:\/\/igp-youngstars.de\/#\/schema\/logo\/image\/\"},\"sameAs\":[\"https:\/\/www.facebook.com\/IQDogsport\/\",\"https:\/\/www.instagram.com\/iq_dogsport\/\"]}]}<\/script>\n<!-- \/ Yoast SEO plugin. -->","yoast_head_json":{"title":"- IGP Youngstars Camp","description":"Das IGP Youngstars Camp f\u00fcr alle bis 25 Jahren. Die besten Ausbilder, unterschiedliche Rassen, Info-St\u00e4nde und noch vieles mehr erwartet Euch!","robots":{"index":"index","follow":"follow","max-snippet":"max-snippet:-1","max-image-preview":"max-image-preview:large","max-video-preview":"max-video-preview:-1"},"canonical":"https:\/\/igp-youngstars.de\/en\/merry-christmas\/","og_locale":"en_US","og_type":"article","og_title":"- IGP Youngstars Camp","og_description":"Das IGP Youngstars Camp f\u00fcr alle bis 25 Jahren. Die besten Ausbilder, unterschiedliche Rassen, Info-St\u00e4nde und noch vieles mehr erwartet Euch!","og_url":"https:\/\/igp-youngstars.de\/en\/merry-christmas\/","og_site_name":"IGP Youngstars Camp","article_publisher":"https:\/\/www.facebook.com\/IQDogsport\/","article_modified_time":"2022-12-24T11:10:50+00:00","og_image":[{"url":"https:\/\/igp-youngstars.de\/wp-content\/uploads\/2022\/12\/bb77b05d-header-image-1-copy.png","type":"","width":"","height":""}],"twitter_card":"summary_large_image","twitter_misc":{"Est. reading time":"1 minute"},"schema":{"@context":"https:\/\/schema.org","@graph":[{"@type":"WebPage","@id":"https:\/\/igp-youngstars.de\/merry-christmas\/","url":"https:\/\/igp-youngstars.de\/merry-christmas\/","name":"- IGP Youngstars Camp","isPartOf":{"@id":"https:\/\/igp-youngstars.de\/#website"},"primaryImageOfPage":{"@id":"https:\/\/igp-youngstars.de\/merry-christmas\/#primaryimage"},"image":{"@id":"https:\/\/igp-youngstars.de\/merry-christmas\/#primaryimage"},"thumbnailUrl":"https:\/\/igp-youngstars.de\/wp-content\/uploads\/2022\/12\/bb77b05d-header-image-1-copy.png","datePublished":"2022-12-24T11:05:49+00:00","dateModified":"2022-12-24T11:10:50+00:00","description":"Das IGP Youngstars Camp f\u00fcr alle bis 25 Jahren. Die besten Ausbilder, unterschiedliche Rassen, Info-St\u00e4nde und noch vieles mehr erwartet Euch!","inLanguage":"en-US","potentialAction":[{"@type":"ReadAction","target":["https:\/\/igp-youngstars.de\/merry-christmas\/"]}]},{"@type":"ImageObject","inLanguage":"en-US","@id":"https:\/\/igp-youngstars.de\/merry-christmas\/#primaryimage","url":"https:\/\/igp-youngstars.de\/wp-content\/uploads\/2022\/12\/bb77b05d-header-image-1-copy.png","contentUrl":"https:\/\/igp-youngstars.de\/wp-content\/uploads\/2022\/12\/bb77b05d-header-image-1-copy.png"},{"@type":"WebSite","@id":"https:\/\/igp-youngstars.de\/#website","url":"https:\/\/igp-youngstars.de\/","name":"IGP Youngstars Camp","description":"Come and Enjoy","publisher":{"@id":"https:\/\/igp-youngstars.de\/#organization"},"potentialAction":[{"@type":"SearchAction","target":{"@type":"EntryPoint","urlTemplate":"https:\/\/igp-youngstars.de\/?s={search_term_string}"},"query-input":{"@type":"PropertyValueSpecification","valueRequired":true,"valueName":"search_term_string"}}],"inLanguage":"en-US"},{"@type":"Organization","@id":"https:\/\/igp-youngstars.de\/#organization","name":"IGP Youngstars","url":"https:\/\/igp-youngstars.de\/","logo":{"@type":"ImageObject","inLanguage":"en-US","@id":"https:\/\/igp-youngstars.de\/#\/schema\/logo\/image\/","url":"https:\/\/igp-youngstars.de\/wp-content\/uploads\/2022\/03\/IGP-Youngstars-logo-farbig-wr.jpg","contentUrl":"https:\/\/igp-youngstars.de\/wp-content\/uploads\/2022\/03\/IGP-Youngstars-logo-farbig-wr.jpg","width":500,"height":400,"caption":"IGP Youngstars"},"image":{"@id":"https:\/\/igp-youngstars.de\/#\/schema\/logo\/image\/"},"sameAs":["https:\/\/www.facebook.com\/IQDogsport\/","https:\/\/www.instagram.com\/iq_dogsport\/"]}]}},"_links":{"self":[{"href":"https:\/\/igp-youngstars.de\/en\/wp-json\/wp\/v2\/pages\/2452","targetHints":{"allow":["GET"]}}],"collection":[{"href":"https:\/\/igp-youngstars.de\/en\/wp-json\/wp\/v2\/pages"}],"about":[{"href":"https:\/\/igp-youngstars.de\/en\/wp-json\/wp\/v2\/types\/page"}],"author":[{"embeddable":true,"href":"https:\/\/igp-youngstars.de\/en\/wp-json\/wp\/v2\/users\/1"}],"replies":[{"embeddable":true,"href":"https:\/\/igp-youngstars.de\/en\/wp-json\/wp\/v2\/comments?post=2452"}],"version-history":[{"count":15,"href":"https:\/\/igp-youngstars.de\/en\/wp-json\/wp\/v2\/pages\/2452\/revisions"}],"predecessor-version":[{"id":2485,"href":"https:\/\/igp-youngstars.de\/en\/wp-json\/wp\/v2\/pages\/2452\/revisions\/2485"}],"wp:attachment":[{"href":"https:\/\/igp-youngstars.de\/en\/wp-json\/wp\/v2\/media?parent=2452"}],"curies":[{"name":"wp","href":"https:\/\/api.w.org\/{rel}","templated":true}]}}