{"id":467,"date":"2022-02-22T15:28:58","date_gmt":"2022-02-22T14:28:58","guid":{"rendered":"http:\/\/igp-youngstars.de\/?page_id=467"},"modified":"2025-07-17T11:15:15","modified_gmt":"2025-07-17T09:15:15","slug":"zeitplan","status":"publish","type":"page","link":"https:\/\/igp-youngstars.de\/en\/zeitplan\/","title":{"rendered":"Schedule"},"content":{"rendered":"<div data-elementor-type=\"wp-page\" data-elementor-id=\"467\" class=\"elementor elementor-467\" data-elementor-post-type=\"page\">\n\t\t\t\t\t\t<section class=\"elementor-section elementor-top-section elementor-element elementor-element-14b30333 elementor-section-height-min-height elementor-section-boxed elementor-section-height-default elementor-section-items-middle elementor-invisible\" data-id=\"14b30333\" data-element_type=\"section\" data-settings=\"{&quot;animation&quot;:&quot;fadeIn&quot;}\">\n\t\t\t\t\t\t\t<div class=\"elementor-background-overlay\"><\/div>\n\t\t\t\t\t\t\t<div class=\"elementor-container elementor-column-gap-default\">\n\t\t\t\t\t<div class=\"elementor-column elementor-col-100 elementor-top-column elementor-element elementor-element-e990f82\" data-id=\"e990f82\" data-element_type=\"column\">\n\t\t\t<div class=\"elementor-widget-wrap elementor-element-populated\">\n\t\t\t\t\t\t<section class=\"elementor-section elementor-inner-section elementor-element elementor-element-2be1269f elementor-section-content-middle elementor-section-boxed elementor-section-height-default elementor-section-height-default\" data-id=\"2be1269f\" data-element_type=\"section\">\n\t\t\t\t\t\t<div class=\"elementor-container elementor-column-gap-default\">\n\t\t\t\t\t<div class=\"elementor-column elementor-col-33 elementor-inner-column elementor-element elementor-element-3ea9afe2\" data-id=\"3ea9afe2\" data-element_type=\"column\">\n\t\t\t<div class=\"elementor-widget-wrap elementor-element-populated\">\n\t\t\t\t\t\t<div class=\"elementor-element elementor-element-496aa85d animated-slow elementor-view-default elementor-invisible elementor-widget elementor-widget-icon\" data-id=\"496aa85d\" data-element_type=\"widget\" data-settings=\"{&quot;_animation&quot;:&quot;fadeInLeft&quot;}\" data-widget_type=\"icon.default\">\n\t\t\t\t<div class=\"elementor-widget-container\">\n\t\t\t\t\t\t\t<div class=\"elementor-icon-wrapper\">\n\t\t\t<div class=\"elementor-icon\">\n\t\t\t<i aria-hidden=\"true\" class=\"fas fa-star\"><\/i>\t\t\t<\/div>\n\t\t<\/div>\n\t\t\t\t\t\t<\/div>\n\t\t\t\t<\/div>\n\t\t\t\t<div class=\"elementor-element elementor-element-267cd41b elementor-view-default elementor-invisible elementor-widget elementor-widget-icon\" data-id=\"267cd41b\" data-element_type=\"widget\" data-settings=\"{&quot;_animation&quot;:&quot;fadeInLeft&quot;}\" data-widget_type=\"icon.default\">\n\t\t\t\t<div class=\"elementor-widget-container\">\n\t\t\t\t\t\t\t<div class=\"elementor-icon-wrapper\">\n\t\t\t<div class=\"elementor-icon\">\n\t\t\t<i aria-hidden=\"true\" class=\"fas fa-star\"><\/i>\t\t\t<\/div>\n\t\t<\/div>\n\t\t\t\t\t\t<\/div>\n\t\t\t\t<\/div>\n\t\t\t\t\t<\/div>\n\t\t<\/div>\n\t\t\t\t<div class=\"elementor-column elementor-col-33 elementor-inner-column elementor-element elementor-element-3a0377bd\" data-id=\"3a0377bd\" data-element_type=\"column\">\n\t\t\t<div class=\"elementor-widget-wrap elementor-element-populated\">\n\t\t\t\t\t\t<div class=\"elementor-element elementor-element-129b590c elementor-invisible elementor-widget elementor-widget-heading\" data-id=\"129b590c\" data-element_type=\"widget\" data-settings=\"{&quot;_animation&quot;:&quot;fadeInDown&quot;}\" data-widget_type=\"heading.default\">\n\t\t\t\t<div class=\"elementor-widget-container\">\n\t\t\t\t\t<h4 class=\"elementor-heading-title elementor-size-xxl\">Schedule<\/h4>\t\t\t\t<\/div>\n\t\t\t\t<\/div>\n\t\t\t\t\t<\/div>\n\t\t<\/div>\n\t\t\t\t<div class=\"elementor-column elementor-col-33 elementor-inner-column elementor-element elementor-element-2181f8f2\" data-id=\"2181f8f2\" data-element_type=\"column\">\n\t\t\t<div class=\"elementor-widget-wrap elementor-element-populated\">\n\t\t\t\t\t\t<div class=\"elementor-element elementor-element-2c9d3a59 animated-slow elementor-view-default elementor-invisible elementor-widget elementor-widget-icon\" data-id=\"2c9d3a59\" data-element_type=\"widget\" data-settings=\"{&quot;_animation&quot;:&quot;fadeInRight&quot;}\" data-widget_type=\"icon.default\">\n\t\t\t\t<div class=\"elementor-widget-container\">\n\t\t\t\t\t\t\t<div class=\"elementor-icon-wrapper\">\n\t\t\t<div class=\"elementor-icon\">\n\t\t\t<i aria-hidden=\"true\" class=\"fas fa-star\"><\/i>\t\t\t<\/div>\n\t\t<\/div>\n\t\t\t\t\t\t<\/div>\n\t\t\t\t<\/div>\n\t\t\t\t<div class=\"elementor-element elementor-element-596857ef elementor-view-default elementor-invisible elementor-widget elementor-widget-icon\" data-id=\"596857ef\" data-element_type=\"widget\" data-settings=\"{&quot;_animation&quot;:&quot;fadeInLeft&quot;}\" data-widget_type=\"icon.default\">\n\t\t\t\t<div class=\"elementor-widget-container\">\n\t\t\t\t\t\t\t<div class=\"elementor-icon-wrapper\">\n\t\t\t<div class=\"elementor-icon\">\n\t\t\t<i aria-hidden=\"true\" class=\"fas fa-star\"><\/i>\t\t\t<\/div>\n\t\t<\/div>\n\t\t\t\t\t\t<\/div>\n\t\t\t\t<\/div>\n\t\t\t\t\t<\/div>\n\t\t<\/div>\n\t\t\t\t\t<\/div>\n\t\t<\/section>\n\t\t\t\t<div class=\"elementor-element elementor-element-446d4ac2 animated-slow elementor-view-default elementor-invisible elementor-widget elementor-widget-icon\" data-id=\"446d4ac2\" data-element_type=\"widget\" data-settings=\"{&quot;_animation&quot;:&quot;fadeInUp&quot;}\" data-widget_type=\"icon.default\">\n\t\t\t\t<div class=\"elementor-widget-container\">\n\t\t\t\t\t\t\t<div class=\"elementor-icon-wrapper\">\n\t\t\t<a class=\"elementor-icon elementor-animation-grow\" href=\"#anchor\">\n\t\t\t<i aria-hidden=\"true\" class=\"fas fa-angle-down\"><\/i>\t\t\t<\/a>\n\t\t<\/div>\n\t\t\t\t\t\t<\/div>\n\t\t\t\t<\/div>\n\t\t\t\t\t<\/div>\n\t\t<\/div>\n\t\t\t\t\t<\/div>\n\t\t<\/section>\n\t\t\t\t<section class=\"elementor-section elementor-top-section elementor-element elementor-element-25fc15bd elementor-section-boxed elementor-section-height-default elementor-section-height-default\" data-id=\"25fc15bd\" data-element_type=\"section\" data-settings=\"{&quot;background_background&quot;:&quot;classic&quot;}\">\n\t\t\t\t\t\t\t<div class=\"elementor-background-overlay\"><\/div>\n\t\t\t\t\t\t\t<div class=\"elementor-container elementor-column-gap-extended\">\n\t\t\t\t\t<div class=\"elementor-column elementor-col-100 elementor-top-column elementor-element elementor-element-78eac378\" data-id=\"78eac378\" data-element_type=\"column\" data-settings=\"{&quot;background_background&quot;:&quot;classic&quot;}\">\n\t\t\t<div class=\"elementor-widget-wrap elementor-element-populated\">\n\t\t\t\t\t\t<div class=\"elementor-element elementor-element-3c51d6b elementor-widget elementor-widget-eael-creative-button\" data-id=\"3c51d6b\" data-element_type=\"widget\" data-widget_type=\"eael-creative-button.default\">\n\t\t\t\t<div class=\"elementor-widget-container\">\n\t\t\t\t\t        <div class=\"eael-creative-button-wrapper\">\n\n            <a class=\"eael-creative-button eael-creative-button--default\" href=\"https:\/\/igp-youngstars.de\/wp-content\/uploads\/2025\/07\/Zeitplan-extern-druck.pdf\" data-text=\"Go!\">\n            \t    \n                <div class=\"creative-button-inner\">\n\n                                            <span class=\"eael-creative-button-icon-left\"><i aria-hidden=\"true\" class=\"far fa-calendar-check\"><\/i><\/span>                    \n                    <span class=\"cretive-button-text\">  View IGP Youngstars &amp; Helper Camp Time Schedule<\/span>\n\n                                    <\/div>\n\t                        <\/a>\n        <\/div>\n        \t\t\t\t<\/div>\n\t\t\t\t<\/div>\n\t\t\t\t<div class=\"elementor-element elementor-element-259a5ac elementor-widget elementor-widget-pdf_viewer\" data-id=\"259a5ac\" data-element_type=\"widget\" data-widget_type=\"pdf_viewer.default\">\n\t\t\t\t<div class=\"elementor-widget-container\">\n\t\t\t\t\t<iframe src=\"https:\/\/docs.google.com\/viewer?url=https:\/\/igp-youngstars.de\/wp-content\/uploads\/2025\/07\/Zeitplan-extern-druck.pdf&amp;embedded=true\" style=\"display: block; margin-left: auto; margin-right: auto; width: 100%; height: 380px;\" frameborder=\"1\" marginheight=\"0px\" marginwidth=\"0px\" allowfullscreen><\/iframe>\t\t\t\t<\/div>\n\t\t\t\t<\/div>\n\t\t\t\t<div class=\"elementor-element elementor-element-162a17d elementor-widget elementor-widget-eael-creative-button\" data-id=\"162a17d\" data-element_type=\"widget\" data-widget_type=\"eael-creative-button.default\">\n\t\t\t\t<div class=\"elementor-widget-container\">\n\t\t\t\t\t        <div class=\"eael-creative-button-wrapper\">\n\n            <a class=\"eael-creative-button eael-creative-button--default\" href=\"https:\/\/igp-youngstars.de\/wp-content\/uploads\/2025\/07\/Wissensflash-Zeitplan.pdf\" data-text=\"Go!\">\n            \t    \n                <div class=\"creative-button-inner\">\n\n                                            <span class=\"eael-creative-button-icon-left\"><i aria-hidden=\"true\" class=\"far fa-calendar-check\"><\/i><\/span>                    \n                    <span class=\"cretive-button-text\"> View Knowledge-Flash Time Schedule<\/span>\n\n                                    <\/div>\n\t                        <\/a>\n        <\/div>\n        \t\t\t\t<\/div>\n\t\t\t\t<\/div>\n\t\t\t\t<div class=\"elementor-element elementor-element-9a67e8d elementor-widget elementor-widget-pdf_viewer\" data-id=\"9a67e8d\" data-element_type=\"widget\" data-widget_type=\"pdf_viewer.default\">\n\t\t\t\t<div class=\"elementor-widget-container\">\n\t\t\t\t\t<iframe src=\"https:\/\/docs.google.com\/viewer?url=https:\/\/igp-youngstars.de\/wp-content\/uploads\/2025\/07\/Wissensflash-Zeitplan.pdf&amp;embedded=true\" style=\"display: block; margin-left: auto; margin-right: auto; width: 100%; height: 1000px;\" frameborder=\"1\" marginheight=\"0px\" marginwidth=\"0px\" allowfullscreen><\/iframe>\t\t\t\t<\/div>\n\t\t\t\t<\/div>\n\t\t\t\t\t<\/div>\n\t\t<\/div>\n\t\t\t\t\t<\/div>\n\t\t<\/section>\n\t\t\t\t<\/div>","protected":false},"excerpt":{"rendered":"<p>Zeitplan IGP Youngstar &amp; Helper Camp Zeitplan anschauen Wissensflash Zeitplan anschauen<\/p>","protected":false},"author":1,"featured_media":0,"parent":0,"menu_order":0,"comment_status":"closed","ping_status":"closed","template":"elementor_header_footer","meta":{"_acf_changed":false,"site-sidebar-layout":"no-sidebar","site-content-layout":"page-builder","ast-site-content-layout":"","site-content-style":"default","site-sidebar-style":"default","ast-global-header-display":"","ast-banner-title-visibility":"","ast-main-header-display":"","ast-hfb-above-header-display":"","ast-hfb-below-header-display":"","ast-hfb-mobile-header-display":"","site-post-title":"disabled","ast-breadcrumbs-content":"","ast-featured-img":"disabled","footer-sml-layout":"","theme-transparent-header-meta":"","adv-header-id-meta":"","stick-header-meta":"","header-above-stick-meta":"","header-main-stick-meta":"","header-below-stick-meta":"","astra-migrate-meta-layouts":"default","ast-page-background-enabled":"default","ast-page-background-meta":{"desktop":{"background-color":"var(--ast-global-color-4)","background-image":"","background-repeat":"repeat","background-position":"center center","background-size":"auto","background-attachment":"scroll","background-type":"","background-media":"","overlay-type":"","overlay-color":"","overlay-opacity":"","overlay-gradient":""},"tablet":{"background-color":"","background-image":"","background-repeat":"repeat","background-position":"center center","background-size":"auto","background-attachment":"scroll","background-type":"","background-media":"","overlay-type":"","overlay-color":"","overlay-opacity":"","overlay-gradient":""},"mobile":{"background-color":"","background-image":"","background-repeat":"repeat","background-position":"center center","background-size":"auto","background-attachment":"scroll","background-type":"","background-media":"","overlay-type":"","overlay-color":"","overlay-opacity":"","overlay-gradient":""}},"ast-content-background-meta":{"desktop":{"background-color":"var(--ast-global-color-5)","background-image":"","background-repeat":"repeat","background-position":"center center","background-size":"auto","background-attachment":"scroll","background-type":"","background-media":"","overlay-type":"","overlay-color":"","overlay-opacity":"","overlay-gradient":""},"tablet":{"background-color":"var(--ast-global-color-5)","background-image":"","background-repeat":"repeat","background-position":"center center","background-size":"auto","background-attachment":"scroll","background-type":"","background-media":"","overlay-type":"","overlay-color":"","overlay-opacity":"","overlay-gradient":""},"mobile":{"background-color":"var(--ast-global-color-5)","background-image":"","background-repeat":"repeat","background-position":"center center","background-size":"auto","background-attachment":"scroll","background-type":"","background-media":"","overlay-type":"","overlay-color":"","overlay-opacity":"","overlay-gradient":""}},"footnotes":""},"class_list":["post-467","page","type-page","status-publish","hentry"],"acf":[],"yoast_head":"<!-- This site is optimized with the Yoast SEO plugin v24.3 - https:\/\/yoast.com\/wordpress\/plugins\/seo\/ -->\n<title>Zeitplan - IGP Youngstars Camp<\/title>\n<meta name=\"description\" content=\"Zeitplan des IGP Youngstars Camps. Ihr findet die Planung f\u00fcr F\u00e4hrte, Unterordnung &amp; Schutzdienst, sowie f\u00fcr die Infost\u00e4nde.\" \/>\n<meta name=\"robots\" content=\"index, follow, max-snippet:-1, max-image-preview:large, max-video-preview:-1\" \/>\n<link rel=\"canonical\" href=\"https:\/\/igp-youngstars.de\/en\/zeitplan\/\" \/>\n<meta property=\"og:locale\" content=\"en_US\" \/>\n<meta property=\"og:type\" content=\"article\" \/>\n<meta property=\"og:title\" content=\"Zeitplan - IGP Youngstars Camp\" \/>\n<meta property=\"og:description\" content=\"Zeitplan des IGP Youngstars Camps. Ihr findet die Planung f\u00fcr F\u00e4hrte, Unterordnung &amp; Schutzdienst, sowie f\u00fcr die Infost\u00e4nde.\" \/>\n<meta property=\"og:url\" content=\"https:\/\/igp-youngstars.de\/en\/zeitplan\/\" \/>\n<meta property=\"og:site_name\" content=\"IGP Youngstars Camp\" \/>\n<meta property=\"article:publisher\" content=\"https:\/\/www.facebook.com\/IQDogsport\/\" \/>\n<meta property=\"article:modified_time\" content=\"2025-07-17T09:15:15+00:00\" \/>\n<meta property=\"og:image\" content=\"https:\/\/igp-youngstars.de\/wp-content\/uploads\/2022\/03\/IGP-Youngstars-logo-farbig-wr.jpg\" \/>\n\t<meta property=\"og:image:width\" content=\"500\" \/>\n\t<meta property=\"og:image:height\" content=\"400\" \/>\n\t<meta property=\"og:image:type\" content=\"image\/jpeg\" \/>\n<meta name=\"twitter:card\" content=\"summary_large_image\" \/>\n<meta name=\"twitter:label1\" content=\"Est. reading time\" \/>\n\t<meta name=\"twitter:data1\" content=\"1 minute\" \/>\n<script type=\"application\/ld+json\" class=\"yoast-schema-graph\">{\"@context\":\"https:\/\/schema.org\",\"@graph\":[{\"@type\":\"WebPage\",\"@id\":\"https:\/\/igp-youngstars.de\/zeitplan\/\",\"url\":\"https:\/\/igp-youngstars.de\/zeitplan\/\",\"name\":\"Zeitplan - IGP Youngstars Camp\",\"isPartOf\":{\"@id\":\"https:\/\/igp-youngstars.de\/#website\"},\"datePublished\":\"2022-02-22T14:28:58+00:00\",\"dateModified\":\"2025-07-17T09:15:15+00:00\",\"description\":\"Zeitplan des IGP Youngstars Camps. Ihr findet die Planung f\u00fcr F\u00e4hrte, Unterordnung & Schutzdienst, sowie f\u00fcr die Infost\u00e4nde.\",\"breadcrumb\":{\"@id\":\"https:\/\/igp-youngstars.de\/zeitplan\/#breadcrumb\"},\"inLanguage\":\"en-US\",\"potentialAction\":[{\"@type\":\"ReadAction\",\"target\":[\"https:\/\/igp-youngstars.de\/zeitplan\/\"]}]},{\"@type\":\"BreadcrumbList\",\"@id\":\"https:\/\/igp-youngstars.de\/zeitplan\/#breadcrumb\",\"itemListElement\":[{\"@type\":\"ListItem\",\"position\":1,\"name\":\"Startseite\",\"item\":\"https:\/\/igp-youngstars.de\/\"},{\"@type\":\"ListItem\",\"position\":2,\"name\":\"Zeitplan\"}]},{\"@type\":\"WebSite\",\"@id\":\"https:\/\/igp-youngstars.de\/#website\",\"url\":\"https:\/\/igp-youngstars.de\/\",\"name\":\"IGP Youngstars Camp\",\"description\":\"Come and Enjoy\",\"publisher\":{\"@id\":\"https:\/\/igp-youngstars.de\/#organization\"},\"potentialAction\":[{\"@type\":\"SearchAction\",\"target\":{\"@type\":\"EntryPoint\",\"urlTemplate\":\"https:\/\/igp-youngstars.de\/?s={search_term_string}\"},\"query-input\":{\"@type\":\"PropertyValueSpecification\",\"valueRequired\":true,\"valueName\":\"search_term_string\"}}],\"inLanguage\":\"en-US\"},{\"@type\":\"Organization\",\"@id\":\"https:\/\/igp-youngstars.de\/#organization\",\"name\":\"IGP Youngstars\",\"url\":\"https:\/\/igp-youngstars.de\/\",\"logo\":{\"@type\":\"ImageObject\",\"inLanguage\":\"en-US\",\"@id\":\"https:\/\/igp-youngstars.de\/#\/schema\/logo\/image\/\",\"url\":\"https:\/\/igp-youngstars.de\/wp-content\/uploads\/2022\/03\/IGP-Youngstars-logo-farbig-wr.jpg\",\"contentUrl\":\"https:\/\/igp-youngstars.de\/wp-content\/uploads\/2022\/03\/IGP-Youngstars-logo-farbig-wr.jpg\",\"width\":500,\"height\":400,\"caption\":\"IGP Youngstars\"},\"image\":{\"@id\":\"https:\/\/igp-youngstars.de\/#\/schema\/logo\/image\/\"},\"sameAs\":[\"https:\/\/www.facebook.com\/IQDogsport\/\",\"https:\/\/www.instagram.com\/iq_dogsport\/\"]}]}<\/script>\n<!-- \/ Yoast SEO plugin. -->","yoast_head_json":{"title":"Zeitplan - IGP Youngstars Camp","description":"Zeitplan des IGP Youngstars Camps. Ihr findet die Planung f\u00fcr F\u00e4hrte, Unterordnung & Schutzdienst, sowie f\u00fcr die Infost\u00e4nde.","robots":{"index":"index","follow":"follow","max-snippet":"max-snippet:-1","max-image-preview":"max-image-preview:large","max-video-preview":"max-video-preview:-1"},"canonical":"https:\/\/igp-youngstars.de\/en\/zeitplan\/","og_locale":"en_US","og_type":"article","og_title":"Zeitplan - IGP Youngstars Camp","og_description":"Zeitplan des IGP Youngstars Camps. Ihr findet die Planung f\u00fcr F\u00e4hrte, Unterordnung & Schutzdienst, sowie f\u00fcr die Infost\u00e4nde.","og_url":"https:\/\/igp-youngstars.de\/en\/zeitplan\/","og_site_name":"IGP Youngstars Camp","article_publisher":"https:\/\/www.facebook.com\/IQDogsport\/","article_modified_time":"2025-07-17T09:15:15+00:00","og_image":[{"width":500,"height":400,"url":"https:\/\/igp-youngstars.de\/wp-content\/uploads\/2022\/03\/IGP-Youngstars-logo-farbig-wr.jpg","type":"image\/jpeg"}],"twitter_card":"summary_large_image","twitter_misc":{"Est. reading time":"1 minute"},"schema":{"@context":"https:\/\/schema.org","@graph":[{"@type":"WebPage","@id":"https:\/\/igp-youngstars.de\/zeitplan\/","url":"https:\/\/igp-youngstars.de\/zeitplan\/","name":"Zeitplan - IGP Youngstars Camp","isPartOf":{"@id":"https:\/\/igp-youngstars.de\/#website"},"datePublished":"2022-02-22T14:28:58+00:00","dateModified":"2025-07-17T09:15:15+00:00","description":"Zeitplan des IGP Youngstars Camps. Ihr findet die Planung f\u00fcr F\u00e4hrte, Unterordnung & Schutzdienst, sowie f\u00fcr die Infost\u00e4nde.","breadcrumb":{"@id":"https:\/\/igp-youngstars.de\/zeitplan\/#breadcrumb"},"inLanguage":"en-US","potentialAction":[{"@type":"ReadAction","target":["https:\/\/igp-youngstars.de\/zeitplan\/"]}]},{"@type":"BreadcrumbList","@id":"https:\/\/igp-youngstars.de\/zeitplan\/#breadcrumb","itemListElement":[{"@type":"ListItem","position":1,"name":"Startseite","item":"https:\/\/igp-youngstars.de\/"},{"@type":"ListItem","position":2,"name":"Zeitplan"}]},{"@type":"WebSite","@id":"https:\/\/igp-youngstars.de\/#website","url":"https:\/\/igp-youngstars.de\/","name":"IGP Youngstars Camp","description":"Come and Enjoy","publisher":{"@id":"https:\/\/igp-youngstars.de\/#organization"},"potentialAction":[{"@type":"SearchAction","target":{"@type":"EntryPoint","urlTemplate":"https:\/\/igp-youngstars.de\/?s={search_term_string}"},"query-input":{"@type":"PropertyValueSpecification","valueRequired":true,"valueName":"search_term_string"}}],"inLanguage":"en-US"},{"@type":"Organization","@id":"https:\/\/igp-youngstars.de\/#organization","name":"IGP Youngstars","url":"https:\/\/igp-youngstars.de\/","logo":{"@type":"ImageObject","inLanguage":"en-US","@id":"https:\/\/igp-youngstars.de\/#\/schema\/logo\/image\/","url":"https:\/\/igp-youngstars.de\/wp-content\/uploads\/2022\/03\/IGP-Youngstars-logo-farbig-wr.jpg","contentUrl":"https:\/\/igp-youngstars.de\/wp-content\/uploads\/2022\/03\/IGP-Youngstars-logo-farbig-wr.jpg","width":500,"height":400,"caption":"IGP Youngstars"},"image":{"@id":"https:\/\/igp-youngstars.de\/#\/schema\/logo\/image\/"},"sameAs":["https:\/\/www.facebook.com\/IQDogsport\/","https:\/\/www.instagram.com\/iq_dogsport\/"]}]}},"_links":{"self":[{"href":"https:\/\/igp-youngstars.de\/en\/wp-json\/wp\/v2\/pages\/467","targetHints":{"allow":["GET"]}}],"collection":[{"href":"https:\/\/igp-youngstars.de\/en\/wp-json\/wp\/v2\/pages"}],"about":[{"href":"https:\/\/igp-youngstars.de\/en\/wp-json\/wp\/v2\/types\/page"}],"author":[{"embeddable":true,"href":"https:\/\/igp-youngstars.de\/en\/wp-json\/wp\/v2\/users\/1"}],"replies":[{"embeddable":true,"href":"https:\/\/igp-youngstars.de\/en\/wp-json\/wp\/v2\/comments?post=467"}],"version-history":[{"count":225,"href":"https:\/\/igp-youngstars.de\/en\/wp-json\/wp\/v2\/pages\/467\/revisions"}],"predecessor-version":[{"id":3430,"href":"https:\/\/igp-youngstars.de\/en\/wp-json\/wp\/v2\/pages\/467\/revisions\/3430"}],"wp:attachment":[{"href":"https:\/\/igp-youngstars.de\/en\/wp-json\/wp\/v2\/media?parent=467"}],"curies":[{"name":"wp","href":"https:\/\/api.w.org\/{rel}","templated":true}]}}